{"id":979,"date":"2023-02-09T15:21:49","date_gmt":"2023-02-09T15:21:49","guid":{"rendered":"https:\/\/www.realpalacio.realhotelsgroup.com\/?page_id=979"},"modified":"2026-02-27T12:53:13","modified_gmt":"2026-02-27T12:53:13","slug":"buffet-cozido-portuguesa","status":"publish","type":"page","link":"https:\/\/www.realpalacio.realhotelsgroup.com\/pt-pt\/restaurantes-lisboa\/buffet-cozido-portuguesa\/","title":{"rendered":"Buffet de Cozido \u00e0 Portuguesa"},"content":{"rendered":"<p>O<strong>\u00a0Buffet de Cozido \u00e0 Portuguesa<\/strong>\u00a0\u00e9 uma das estrelas do\u00a0Hotel Real Pal\u00e1cio!<\/p>\n<p>\u00c9 o plano perfeito para um almo\u00e7o com a fam\u00edlia e amigos no centro de Lisboa, num buffet com os melhores ingredientes e todo o sabor da tradi\u00e7\u00e3o portuguesa.<br \/>\nEste buffet \u00e9 <strong>servido todos os s\u00e1bados, entre as 12h30 e as 15h30<\/strong>, no <strong>Real Cozinha Restaurante-Bar.<\/strong><\/p>\n<p>O buffet inclui a t\u00edpica e generosa variedade de carnes, enchidos e legumes &#8211; tudo a que tem<strong> direito um excelente cozido \u00e0 portuguesa!<\/strong><\/p>\n<p><strong>Para quem prefere outras op\u00e7\u00f5es<\/strong>, informamos que, <strong>em simult\u00e2neo com o buffet<\/strong>, o restaurante mant\u00e9m <strong>a carta dispon\u00edvel<\/strong>, permitindo escolher qualquer prato do menu.<\/p>\n<p>Fa\u00e7a a sua reserva e desfrute de um almo\u00e7o ao seu gosto.<br \/>\nBom apetite!<\/p>\n","protected":false},"excerpt":{"rendered":"<p>O\u00a0Buffet de Cozido \u00e0 Portuguesa\u00a0\u00e9 uma das estrelas do\u00a0Hotel Real Pal\u00e1cio! \u00c9 o plano perfeito para um almo\u00e7o com a fam\u00edlia e amigos no centro de Lisboa, num buffet com os melhores ingredientes e todo o sabor da tradi\u00e7\u00e3o portuguesa. Este buffet \u00e9 servido todos os s\u00e1bados, entre as 12h30 e as 15h30, no Real [&hellip;]<\/p>\n","protected":false},"author":241,"featured_media":0,"parent":621,"menu_order":5,"comment_status":"closed","ping_status":"closed","template":"template-restaurant.php","meta":{"footnotes":""},"class_list":["post-979","page","type-page","status-publish","hentry"],"yoast_head":"<!-- This site is optimized with the Yoast SEO plugin v26.9 - https:\/\/yoast.com\/product\/yoast-seo-wordpress\/ -->\n<title>Buffet de Cozido \u00e0 Portuguesa - Hotel Real Pal\u00e1cio<\/title>\n<meta name=\"robots\" content=\"index, follow, max-snippet:-1, max-image-preview:large, max-video-preview:-1\" \/>\n<link rel=\"canonical\" href=\"https:\/\/www.realpalacio.realhotelsgroup.com\/pt-pt\/restaurantes-lisboa\/buffet-cozido-portuguesa\/\" \/>\n<meta property=\"og:locale\" content=\"pt_PT\" \/>\n<meta property=\"og:type\" content=\"article\" \/>\n<meta property=\"og:title\" content=\"Buffet de Cozido \u00e0 Portuguesa - Hotel Real Pal\u00e1cio\" \/>\n<meta property=\"og:description\" content=\"O\u00a0Buffet de Cozido \u00e0 Portuguesa\u00a0\u00e9 uma das estrelas do\u00a0Hotel Real Pal\u00e1cio! \u00c9 o plano perfeito para um almo\u00e7o com a fam\u00edlia e amigos no centro de Lisboa, num buffet com os melhores ingredientes e todo o sabor da tradi\u00e7\u00e3o portuguesa. Este buffet \u00e9 servido todos os s\u00e1bados, entre as 12h30 e as 15h30, no Real [&hellip;]\" \/>\n<meta property=\"og:url\" content=\"https:\/\/www.realpalacio.realhotelsgroup.com\/pt-pt\/restaurantes-lisboa\/buffet-cozido-portuguesa\/\" \/>\n<meta property=\"og:site_name\" content=\"Hotel Real Pal\u00e1cio\" \/>\n<meta property=\"article:modified_time\" content=\"2026-02-27T12:53:13+00:00\" \/>\n<meta name=\"twitter:card\" content=\"summary_large_image\" \/>\n<meta name=\"twitter:label1\" content=\"Tempo estimado de leitura\" \/>\n\t<meta name=\"twitter:data1\" content=\"1 minuto\" \/>\n<script type=\"application\/ld+json\" class=\"yoast-schema-graph\">{\"@context\":\"https:\/\/schema.org\",\"@graph\":[{\"@type\":\"WebPage\",\"@id\":\"https:\/\/www.realpalacio.realhotelsgroup.com\/pt-pt\/restaurantes-lisboa\/buffet-cozido-portuguesa\/\",\"url\":\"https:\/\/www.realpalacio.realhotelsgroup.com\/pt-pt\/restaurantes-lisboa\/buffet-cozido-portuguesa\/\",\"name\":\"Buffet de Cozido \u00e0 Portuguesa - Hotel Real Pal\u00e1cio\",\"isPartOf\":{\"@id\":\"https:\/\/www.realpalacio.realhotelsgroup.com\/pt-pt\/#website\"},\"datePublished\":\"2023-02-09T15:21:49+00:00\",\"dateModified\":\"2026-02-27T12:53:13+00:00\",\"breadcrumb\":{\"@id\":\"https:\/\/www.realpalacio.realhotelsgroup.com\/pt-pt\/restaurantes-lisboa\/buffet-cozido-portuguesa\/#breadcrumb\"},\"inLanguage\":\"pt-PT\",\"potentialAction\":[{\"@type\":\"ReadAction\",\"target\":[\"https:\/\/www.realpalacio.realhotelsgroup.com\/pt-pt\/restaurantes-lisboa\/buffet-cozido-portuguesa\/\"]}]},{\"@type\":\"BreadcrumbList\",\"@id\":\"https:\/\/www.realpalacio.realhotelsgroup.com\/pt-pt\/restaurantes-lisboa\/buffet-cozido-portuguesa\/#breadcrumb\",\"itemListElement\":[{\"@type\":\"ListItem\",\"position\":1,\"name\":\"Home\",\"item\":\"https:\/\/www.realpalacio.realhotelsgroup.com\/pt-pt\/\"},{\"@type\":\"ListItem\",\"position\":2,\"name\":\"Restaurantes e Bares em Lisboa\",\"item\":\"https:\/\/www.realpalacio.realhotelsgroup.com\/pt-pt\/restaurantes-lisboa\/\"},{\"@type\":\"ListItem\",\"position\":3,\"name\":\"Buffet de Cozido \u00e0 Portuguesa\"}]},{\"@type\":\"WebSite\",\"@id\":\"https:\/\/www.realpalacio.realhotelsgroup.com\/pt-pt\/#website\",\"url\":\"https:\/\/www.realpalacio.realhotelsgroup.com\/pt-pt\/\",\"name\":\"Hotel Real Pal\u00e1cio\",\"description\":\"Just another ms.decms.eu site\",\"potentialAction\":[{\"@type\":\"SearchAction\",\"target\":{\"@type\":\"EntryPoint\",\"urlTemplate\":\"https:\/\/www.realpalacio.realhotelsgroup.com\/pt-pt\/?s={search_term_string}\"},\"query-input\":{\"@type\":\"PropertyValueSpecification\",\"valueRequired\":true,\"valueName\":\"search_term_string\"}}],\"inLanguage\":\"pt-PT\"}]}<\/script>\n<!-- \/ Yoast SEO plugin. -->","yoast_head_json":{"title":"Buffet de Cozido \u00e0 Portuguesa - Hotel Real Pal\u00e1cio","robots":{"index":"index","follow":"follow","max-snippet":"max-snippet:-1","max-image-preview":"max-image-preview:large","max-video-preview":"max-video-preview:-1"},"canonical":"https:\/\/www.realpalacio.realhotelsgroup.com\/pt-pt\/restaurantes-lisboa\/buffet-cozido-portuguesa\/","og_locale":"pt_PT","og_type":"article","og_title":"Buffet de Cozido \u00e0 Portuguesa - Hotel Real Pal\u00e1cio","og_description":"O\u00a0Buffet de Cozido \u00e0 Portuguesa\u00a0\u00e9 uma das estrelas do\u00a0Hotel Real Pal\u00e1cio! \u00c9 o plano perfeito para um almo\u00e7o com a fam\u00edlia e amigos no centro de Lisboa, num buffet com os melhores ingredientes e todo o sabor da tradi\u00e7\u00e3o portuguesa. Este buffet \u00e9 servido todos os s\u00e1bados, entre as 12h30 e as 15h30, no Real [&hellip;]","og_url":"https:\/\/www.realpalacio.realhotelsgroup.com\/pt-pt\/restaurantes-lisboa\/buffet-cozido-portuguesa\/","og_site_name":"Hotel Real Pal\u00e1cio","article_modified_time":"2026-02-27T12:53:13+00:00","twitter_card":"summary_large_image","twitter_misc":{"Tempo estimado de leitura":"1 minuto"},"schema":{"@context":"https:\/\/schema.org","@graph":[{"@type":"WebPage","@id":"https:\/\/www.realpalacio.realhotelsgroup.com\/pt-pt\/restaurantes-lisboa\/buffet-cozido-portuguesa\/","url":"https:\/\/www.realpalacio.realhotelsgroup.com\/pt-pt\/restaurantes-lisboa\/buffet-cozido-portuguesa\/","name":"Buffet de Cozido \u00e0 Portuguesa - Hotel Real Pal\u00e1cio","isPartOf":{"@id":"https:\/\/www.realpalacio.realhotelsgroup.com\/pt-pt\/#website"},"datePublished":"2023-02-09T15:21:49+00:00","dateModified":"2026-02-27T12:53:13+00:00","breadcrumb":{"@id":"https:\/\/www.realpalacio.realhotelsgroup.com\/pt-pt\/restaurantes-lisboa\/buffet-cozido-portuguesa\/#breadcrumb"},"inLanguage":"pt-PT","potentialAction":[{"@type":"ReadAction","target":["https:\/\/www.realpalacio.realhotelsgroup.com\/pt-pt\/restaurantes-lisboa\/buffet-cozido-portuguesa\/"]}]},{"@type":"BreadcrumbList","@id":"https:\/\/www.realpalacio.realhotelsgroup.com\/pt-pt\/restaurantes-lisboa\/buffet-cozido-portuguesa\/#breadcrumb","itemListElement":[{"@type":"ListItem","position":1,"name":"Home","item":"https:\/\/www.realpalacio.realhotelsgroup.com\/pt-pt\/"},{"@type":"ListItem","position":2,"name":"Restaurantes e Bares em Lisboa","item":"https:\/\/www.realpalacio.realhotelsgroup.com\/pt-pt\/restaurantes-lisboa\/"},{"@type":"ListItem","position":3,"name":"Buffet de Cozido \u00e0 Portuguesa"}]},{"@type":"WebSite","@id":"https:\/\/www.realpalacio.realhotelsgroup.com\/pt-pt\/#website","url":"https:\/\/www.realpalacio.realhotelsgroup.com\/pt-pt\/","name":"Hotel Real Pal\u00e1cio","description":"Just another ms.decms.eu site","potentialAction":[{"@type":"SearchAction","target":{"@type":"EntryPoint","urlTemplate":"https:\/\/www.realpalacio.realhotelsgroup.com\/pt-pt\/?s={search_term_string}"},"query-input":{"@type":"PropertyValueSpecification","valueRequired":true,"valueName":"search_term_string"}}],"inLanguage":"pt-PT"}]}},"acf":[],"_links":{"self":[{"href":"https:\/\/www.realpalacio.realhotelsgroup.com\/pt-pt\/wp-json\/wp\/v2\/pages\/979","targetHints":{"allow":["GET"]}}],"collection":[{"href":"https:\/\/www.realpalacio.realhotelsgroup.com\/pt-pt\/wp-json\/wp\/v2\/pages"}],"about":[{"href":"https:\/\/www.realpalacio.realhotelsgroup.com\/pt-pt\/wp-json\/wp\/v2\/types\/page"}],"author":[{"embeddable":true,"href":"https:\/\/www.realpalacio.realhotelsgroup.com\/pt-pt\/wp-json\/wp\/v2\/users\/241"}],"replies":[{"embeddable":true,"href":"https:\/\/www.realpalacio.realhotelsgroup.com\/pt-pt\/wp-json\/wp\/v2\/comments?post=979"}],"version-history":[{"count":0,"href":"https:\/\/www.realpalacio.realhotelsgroup.com\/pt-pt\/wp-json\/wp\/v2\/pages\/979\/revisions"}],"up":[{"embeddable":true,"href":"https:\/\/www.realpalacio.realhotelsgroup.com\/pt-pt\/wp-json\/wp\/v2\/pages\/621"}],"wp:attachment":[{"href":"https:\/\/www.realpalacio.realhotelsgroup.com\/pt-pt\/wp-json\/wp\/v2\/media?parent=979"}],"curies":[{"name":"wp","href":"https:\/\/api.w.org\/{rel}","templated":true}]}}