{"id":95,"date":"2020-11-20T14:36:04","date_gmt":"2020-11-20T14:36:04","guid":{"rendered":"http:\/\/hotel-real-palacio.ms.decms.eu\/?page_id=95"},"modified":"2026-02-26T15:49:00","modified_gmt":"2026-02-26T15:49:00","slug":"quartos-e-suites","status":"publish","type":"page","link":"https:\/\/www.realpalacio.realhotelsgroup.com\/pt-pt\/quartos-e-suites\/","title":{"rendered":"Quartos e suites"},"content":{"rendered":"<p>O <strong>Hotel Real Pal\u00e1cio<\/strong> disp\u00f5e de <strong>147 quartos<\/strong>, dos quais 12 est\u00e3o situadas no antigo Palacete.<\/p>\n<p>Com um <strong>ambiente cl\u00e1ssico<\/strong>, mas ao mesmo tempo descontra\u00eddo e acolhedor, todos os quartos t\u00eam decora\u00e7\u00e3o da autoria de uma das mais conceituadas decoradoras portuguesas, Gra\u00e7a Viterbo.<\/p>\n<p>Os <strong>quartos e suites<\/strong> est\u00e3o equipados com <strong>ar condicionado, internet Wi-Fi gratuita, TV LCD<\/strong> por cabo e uma secret\u00e1ria para poder trabalhar confortavelmente.<\/p>\n<p>Estes quartos re\u00fanem todas as condi\u00e7\u00f5es para lhe proporcionar uma estadia \u00fanica com conforto e bem-estar.<\/p>\n","protected":false},"excerpt":{"rendered":"<p>O Hotel Real Pal\u00e1cio disp\u00f5e de 147 quartos, dos quais 12 est\u00e3o situadas no antigo Palacete. Com um ambiente cl\u00e1ssico, mas ao mesmo tempo descontra\u00eddo e acolhedor, todos os quartos t\u00eam decora\u00e7\u00e3o da autoria de uma das mais conceituadas decoradoras portuguesas, Gra\u00e7a Viterbo. Os quartos e suites est\u00e3o equipados com ar condicionado, internet Wi-Fi gratuita, [&hellip;]<\/p>\n","protected":false},"author":36,"featured_media":0,"parent":0,"menu_order":20,"comment_status":"closed","ping_status":"closed","template":"template-rooms.php","meta":{"footnotes":""},"class_list":["post-95","page","type-page","status-publish","hentry"],"yoast_head":"<!-- This site is optimized with the Yoast SEO plugin v26.9 - https:\/\/yoast.com\/product\/yoast-seo-wordpress\/ -->\n<title>Quartos e suites - Hotel Real Pal\u00e1cio<\/title>\n<meta name=\"robots\" content=\"index, follow, max-snippet:-1, max-image-preview:large, max-video-preview:-1\" \/>\n<link rel=\"canonical\" href=\"https:\/\/www.realpalacio.realhotelsgroup.com\/pt-pt\/quartos-e-suites\/\" \/>\n<meta property=\"og:locale\" content=\"pt_PT\" \/>\n<meta property=\"og:type\" content=\"article\" \/>\n<meta property=\"og:title\" content=\"Quartos e suites - Hotel Real Pal\u00e1cio\" \/>\n<meta property=\"og:description\" content=\"O Hotel Real Pal\u00e1cio disp\u00f5e de 147 quartos, dos quais 12 est\u00e3o situadas no antigo Palacete. Com um ambiente cl\u00e1ssico, mas ao mesmo tempo descontra\u00eddo e acolhedor, todos os quartos t\u00eam decora\u00e7\u00e3o da autoria de uma das mais conceituadas decoradoras portuguesas, Gra\u00e7a Viterbo. Os quartos e suites est\u00e3o equipados com ar condicionado, internet Wi-Fi gratuita, [&hellip;]\" \/>\n<meta property=\"og:url\" content=\"https:\/\/www.realpalacio.realhotelsgroup.com\/pt-pt\/quartos-e-suites\/\" \/>\n<meta property=\"og:site_name\" content=\"Hotel Real Pal\u00e1cio\" \/>\n<meta property=\"article:modified_time\" content=\"2026-02-26T15:49:00+00:00\" \/>\n<meta name=\"twitter:card\" content=\"summary_large_image\" \/>\n<meta name=\"twitter:label1\" content=\"Tempo estimado de leitura\" \/>\n\t<meta name=\"twitter:data1\" content=\"1 minuto\" \/>\n<script type=\"application\/ld+json\" class=\"yoast-schema-graph\">{\"@context\":\"https:\/\/schema.org\",\"@graph\":[{\"@type\":\"WebPage\",\"@id\":\"https:\/\/www.realpalacio.realhotelsgroup.com\/pt-pt\/quartos-e-suites\/\",\"url\":\"https:\/\/www.realpalacio.realhotelsgroup.com\/pt-pt\/quartos-e-suites\/\",\"name\":\"Quartos e suites - Hotel Real Pal\u00e1cio\",\"isPartOf\":{\"@id\":\"https:\/\/www.realpalacio.realhotelsgroup.com\/pt-pt\/#website\"},\"datePublished\":\"2020-11-20T14:36:04+00:00\",\"dateModified\":\"2026-02-26T15:49:00+00:00\",\"breadcrumb\":{\"@id\":\"https:\/\/www.realpalacio.realhotelsgroup.com\/pt-pt\/quartos-e-suites\/#breadcrumb\"},\"inLanguage\":\"pt-PT\",\"potentialAction\":[{\"@type\":\"ReadAction\",\"target\":[\"https:\/\/www.realpalacio.realhotelsgroup.com\/pt-pt\/quartos-e-suites\/\"]}]},{\"@type\":\"BreadcrumbList\",\"@id\":\"https:\/\/www.realpalacio.realhotelsgroup.com\/pt-pt\/quartos-e-suites\/#breadcrumb\",\"itemListElement\":[{\"@type\":\"ListItem\",\"position\":1,\"name\":\"Home\",\"item\":\"https:\/\/www.realpalacio.realhotelsgroup.com\/pt-pt\/hotel-real-palacio\/\"},{\"@type\":\"ListItem\",\"position\":2,\"name\":\"Quartos e suites\"}]},{\"@type\":\"WebSite\",\"@id\":\"https:\/\/www.realpalacio.realhotelsgroup.com\/pt-pt\/#website\",\"url\":\"https:\/\/www.realpalacio.realhotelsgroup.com\/pt-pt\/\",\"name\":\"Hotel Real Pal\u00e1cio\",\"description\":\"Just another ms.decms.eu site\",\"potentialAction\":[{\"@type\":\"SearchAction\",\"target\":{\"@type\":\"EntryPoint\",\"urlTemplate\":\"https:\/\/www.realpalacio.realhotelsgroup.com\/pt-pt\/?s={search_term_string}\"},\"query-input\":{\"@type\":\"PropertyValueSpecification\",\"valueRequired\":true,\"valueName\":\"search_term_string\"}}],\"inLanguage\":\"pt-PT\"}]}<\/script>\n<!-- \/ Yoast SEO plugin. -->","yoast_head_json":{"title":"Quartos e suites - Hotel Real Pal\u00e1cio","robots":{"index":"index","follow":"follow","max-snippet":"max-snippet:-1","max-image-preview":"max-image-preview:large","max-video-preview":"max-video-preview:-1"},"canonical":"https:\/\/www.realpalacio.realhotelsgroup.com\/pt-pt\/quartos-e-suites\/","og_locale":"pt_PT","og_type":"article","og_title":"Quartos e suites - Hotel Real Pal\u00e1cio","og_description":"O Hotel Real Pal\u00e1cio disp\u00f5e de 147 quartos, dos quais 12 est\u00e3o situadas no antigo Palacete. Com um ambiente cl\u00e1ssico, mas ao mesmo tempo descontra\u00eddo e acolhedor, todos os quartos t\u00eam decora\u00e7\u00e3o da autoria de uma das mais conceituadas decoradoras portuguesas, Gra\u00e7a Viterbo. Os quartos e suites est\u00e3o equipados com ar condicionado, internet Wi-Fi gratuita, [&hellip;]","og_url":"https:\/\/www.realpalacio.realhotelsgroup.com\/pt-pt\/quartos-e-suites\/","og_site_name":"Hotel Real Pal\u00e1cio","article_modified_time":"2026-02-26T15:49:00+00:00","twitter_card":"summary_large_image","twitter_misc":{"Tempo estimado de leitura":"1 minuto"},"schema":{"@context":"https:\/\/schema.org","@graph":[{"@type":"WebPage","@id":"https:\/\/www.realpalacio.realhotelsgroup.com\/pt-pt\/quartos-e-suites\/","url":"https:\/\/www.realpalacio.realhotelsgroup.com\/pt-pt\/quartos-e-suites\/","name":"Quartos e suites - Hotel Real Pal\u00e1cio","isPartOf":{"@id":"https:\/\/www.realpalacio.realhotelsgroup.com\/pt-pt\/#website"},"datePublished":"2020-11-20T14:36:04+00:00","dateModified":"2026-02-26T15:49:00+00:00","breadcrumb":{"@id":"https:\/\/www.realpalacio.realhotelsgroup.com\/pt-pt\/quartos-e-suites\/#breadcrumb"},"inLanguage":"pt-PT","potentialAction":[{"@type":"ReadAction","target":["https:\/\/www.realpalacio.realhotelsgroup.com\/pt-pt\/quartos-e-suites\/"]}]},{"@type":"BreadcrumbList","@id":"https:\/\/www.realpalacio.realhotelsgroup.com\/pt-pt\/quartos-e-suites\/#breadcrumb","itemListElement":[{"@type":"ListItem","position":1,"name":"Home","item":"https:\/\/www.realpalacio.realhotelsgroup.com\/pt-pt\/hotel-real-palacio\/"},{"@type":"ListItem","position":2,"name":"Quartos e suites"}]},{"@type":"WebSite","@id":"https:\/\/www.realpalacio.realhotelsgroup.com\/pt-pt\/#website","url":"https:\/\/www.realpalacio.realhotelsgroup.com\/pt-pt\/","name":"Hotel Real Pal\u00e1cio","description":"Just another ms.decms.eu site","potentialAction":[{"@type":"SearchAction","target":{"@type":"EntryPoint","urlTemplate":"https:\/\/www.realpalacio.realhotelsgroup.com\/pt-pt\/?s={search_term_string}"},"query-input":{"@type":"PropertyValueSpecification","valueRequired":true,"valueName":"search_term_string"}}],"inLanguage":"pt-PT"}]}},"acf":[],"_links":{"self":[{"href":"https:\/\/www.realpalacio.realhotelsgroup.com\/pt-pt\/wp-json\/wp\/v2\/pages\/95","targetHints":{"allow":["GET"]}}],"collection":[{"href":"https:\/\/www.realpalacio.realhotelsgroup.com\/pt-pt\/wp-json\/wp\/v2\/pages"}],"about":[{"href":"https:\/\/www.realpalacio.realhotelsgroup.com\/pt-pt\/wp-json\/wp\/v2\/types\/page"}],"author":[{"embeddable":true,"href":"https:\/\/www.realpalacio.realhotelsgroup.com\/pt-pt\/wp-json\/wp\/v2\/users\/36"}],"replies":[{"embeddable":true,"href":"https:\/\/www.realpalacio.realhotelsgroup.com\/pt-pt\/wp-json\/wp\/v2\/comments?post=95"}],"version-history":[{"count":0,"href":"https:\/\/www.realpalacio.realhotelsgroup.com\/pt-pt\/wp-json\/wp\/v2\/pages\/95\/revisions"}],"wp:attachment":[{"href":"https:\/\/www.realpalacio.realhotelsgroup.com\/pt-pt\/wp-json\/wp\/v2\/media?parent=95"}],"curies":[{"name":"wp","href":"https:\/\/api.w.org\/{rel}","templated":true}]}}