{"id":626,"date":"2022-01-19T16:35:33","date_gmt":"2022-01-19T16:35:33","guid":{"rendered":"https:\/\/www.realpalacio.realhotelsgroup.com\/?page_id=626"},"modified":"2026-05-15T11:36:55","modified_gmt":"2026-05-15T11:36:55","slug":"real-sports-bar","status":"publish","type":"page","link":"https:\/\/www.realpalacio.realhotelsgroup.com\/pt-pt\/restaurantes-lisboa\/real-sports-bar\/","title":{"rendered":"Real Sports Bar"},"content":{"rendered":"<p><strong>Apaixonado por desporto e comida? Aqui tem a combina\u00e7\u00e3o perfeita!<\/strong><\/p>\n<p>Bem-vindo ao <strong>Real Sports Bar<\/strong>, o novo ponto de encontro em <strong>Lisboa<\/strong> para reunir os amigos e vibrar com o desporto! Um local incr\u00edvel para ver o seu clube favorito em a\u00e7\u00e3o, ou simplesmente devorar um hamb\u00farguer suculento e uma cerveja gelada. Junte-se ao clube e viva a experi\u00eancia.<\/p>\n<p><strong>Paix\u00e3o pelo Desporto e Comida<\/strong><br \/>\nAqui a paix\u00e3o pelo desporto caminha lado a lado com a paix\u00e3o pela comida. Haver\u00e1 combina\u00e7\u00e3o mais espetacular? Com uma decora\u00e7\u00e3o inspirada nos desportos vintage, \u00e9 o local perfeito para assistir Futebol, Rugby, T\u00e9nis, NFL, AFL, Basquetebol, NBA, Atletismo, Golfe, F1&#8230; A escolha \u00e9 sua!<\/p>\n<p><strong>O Menu &#8211; Cl\u00e1ssicos e Tend\u00eancias<\/strong><br \/>\nEscolha entre um Prego em Bolo do Caco, hamb\u00farguer de novilho com queijo e bacon, bitoque com ovo, Club Sandwich especial ou tosta mista especial. Se a ideia \u00e9 compartilhar com amigos, temos Pica Pau de carne, Nachos com molho cheddar, bacon e cebola crocante ou uma T\u00e1bua de queijos. Para um toque final, experimente nossos Croquetes 4 \u2013 4 Lambretas, com quatro croquetes de novilho caseiros e quatro lambretas de 10 cl. E para a sobremesa, oferecemos Tarte de Am\u00eandoa, Brownie de chocolate ou Salada de fruta.<\/p>\n<p><strong>Bebidas<\/strong><br \/>\nSe o jogo n\u00e3o est\u00e1 do seu agrado, n\u00e3o precisa engolir em seco. Temos as cl\u00e1ssicas cervejas portuguesas, cervejas artesanais, cervejas internacionais e sangrias especiais. Para os mais tradicionais, h\u00e1 uma sele\u00e7\u00e3o de vinhos, incluindo branco, tinto, ros\u00e9, espumantes e champanhes. Al\u00e9m disso, contamos com uma variedade de bebidas brancas para aqueles que querem esquecer o resultado ou comemorar em grande estilo!<\/p>\n<p><strong>Junte os Amigos e Viva uma Experi\u00eancia \u00c9pica<\/strong><br \/>\nRe\u00fana os amigos, vista-se a rigor e venha viver uma experi\u00eancia desportiva \u00e9pica no Real Sports Bar. Seja qual for o seu desporto ou equipa favorita, aqui \u00e9 o lugar perfeito para vibrar, comemorar e, claro, desfrutar de uma excelente comida e bebida.<\/p>\n<p><strong>Esperamos por si no centro de Lisboa para muitas emo\u00e7\u00f5es e bons momentos!<\/strong><\/p>\n","protected":false},"excerpt":{"rendered":"<p>Apaixonado por desporto e comida? Aqui tem a combina\u00e7\u00e3o perfeita! Bem-vindo ao Real Sports Bar, o novo ponto de encontro em Lisboa para reunir os amigos e vibrar com o desporto! Um local incr\u00edvel para ver o seu clube favorito em a\u00e7\u00e3o, ou simplesmente devorar um hamb\u00farguer suculento e uma cerveja gelada. Junte-se ao clube [&hellip;]<\/p>\n","protected":false},"author":241,"featured_media":623,"parent":621,"menu_order":3,"comment_status":"closed","ping_status":"closed","template":"template-restaurant.php","meta":{"footnotes":""},"class_list":["post-626","page","type-page","status-publish","has-post-thumbnail","hentry"],"yoast_head":"<!-- This site is optimized with the Yoast SEO plugin v26.9 - https:\/\/yoast.com\/product\/yoast-seo-wordpress\/ -->\n<title>Real Sports Bar - Hotel Real Pal\u00e1cio<\/title>\n<meta name=\"robots\" content=\"index, follow, max-snippet:-1, max-image-preview:large, max-video-preview:-1\" \/>\n<link rel=\"canonical\" href=\"https:\/\/www.realpalacio.realhotelsgroup.com\/pt-pt\/restaurantes-lisboa\/real-sports-bar\/\" \/>\n<meta property=\"og:locale\" content=\"pt_PT\" \/>\n<meta property=\"og:type\" content=\"article\" \/>\n<meta property=\"og:title\" content=\"Real Sports Bar - Hotel Real Pal\u00e1cio\" \/>\n<meta property=\"og:description\" content=\"Apaixonado por desporto e comida? Aqui tem a combina\u00e7\u00e3o perfeita! Bem-vindo ao Real Sports Bar, o novo ponto de encontro em Lisboa para reunir os amigos e vibrar com o desporto! Um local incr\u00edvel para ver o seu clube favorito em a\u00e7\u00e3o, ou simplesmente devorar um hamb\u00farguer suculento e uma cerveja gelada. Junte-se ao clube [&hellip;]\" \/>\n<meta property=\"og:url\" content=\"https:\/\/www.realpalacio.realhotelsgroup.com\/pt-pt\/restaurantes-lisboa\/real-sports-bar\/\" \/>\n<meta property=\"og:site_name\" content=\"Hotel Real Pal\u00e1cio\" \/>\n<meta property=\"article:modified_time\" content=\"2026-05-15T11:36:55+00:00\" \/>\n<meta property=\"og:image\" content=\"https:\/\/www.realpalacio.realhotelsgroup.com\/wp-content\/uploads\/sites\/225\/2022\/01\/Sports-Bar-Hotel-Real-Palacio-Lisboa-Menu-2.jpg\" \/>\n\t<meta property=\"og:image:width\" content=\"1800\" \/>\n\t<meta property=\"og:image:height\" content=\"1200\" \/>\n\t<meta property=\"og:image:type\" content=\"image\/jpeg\" \/>\n<meta name=\"twitter:card\" content=\"summary_large_image\" \/>\n<meta name=\"twitter:label1\" content=\"Tempo estimado de leitura\" \/>\n\t<meta name=\"twitter:data1\" content=\"2 minutos\" \/>\n<script type=\"application\/ld+json\" class=\"yoast-schema-graph\">{\"@context\":\"https:\/\/schema.org\",\"@graph\":[{\"@type\":\"WebPage\",\"@id\":\"https:\/\/www.realpalacio.realhotelsgroup.com\/pt-pt\/restaurantes-lisboa\/real-sports-bar\/\",\"url\":\"https:\/\/www.realpalacio.realhotelsgroup.com\/pt-pt\/restaurantes-lisboa\/real-sports-bar\/\",\"name\":\"Real Sports Bar - Hotel Real Pal\u00e1cio\",\"isPartOf\":{\"@id\":\"https:\/\/www.realpalacio.realhotelsgroup.com\/pt-pt\/#website\"},\"primaryImageOfPage\":{\"@id\":\"https:\/\/www.realpalacio.realhotelsgroup.com\/pt-pt\/restaurantes-lisboa\/real-sports-bar\/#primaryimage\"},\"image\":{\"@id\":\"https:\/\/www.realpalacio.realhotelsgroup.com\/pt-pt\/restaurantes-lisboa\/real-sports-bar\/#primaryimage\"},\"thumbnailUrl\":\"https:\/\/www.realpalacio.realhotelsgroup.com\/wp-content\/uploads\/sites\/225\/2022\/01\/Sports-Bar-Hotel-Real-Palacio-Lisboa-Menu-2.jpg\",\"datePublished\":\"2022-01-19T16:35:33+00:00\",\"dateModified\":\"2026-05-15T11:36:55+00:00\",\"breadcrumb\":{\"@id\":\"https:\/\/www.realpalacio.realhotelsgroup.com\/pt-pt\/restaurantes-lisboa\/real-sports-bar\/#breadcrumb\"},\"inLanguage\":\"pt-PT\",\"potentialAction\":[{\"@type\":\"ReadAction\",\"target\":[\"https:\/\/www.realpalacio.realhotelsgroup.com\/pt-pt\/restaurantes-lisboa\/real-sports-bar\/\"]}]},{\"@type\":\"ImageObject\",\"inLanguage\":\"pt-PT\",\"@id\":\"https:\/\/www.realpalacio.realhotelsgroup.com\/pt-pt\/restaurantes-lisboa\/real-sports-bar\/#primaryimage\",\"url\":\"https:\/\/www.realpalacio.realhotelsgroup.com\/wp-content\/uploads\/sites\/225\/2022\/01\/Sports-Bar-Hotel-Real-Palacio-Lisboa-Menu-2.jpg\",\"contentUrl\":\"https:\/\/www.realpalacio.realhotelsgroup.com\/wp-content\/uploads\/sites\/225\/2022\/01\/Sports-Bar-Hotel-Real-Palacio-Lisboa-Menu-2.jpg\",\"width\":1800,\"height\":1200,\"caption\":\"Real Sports Bar Hotel Real Pal\u00e1cio\"},{\"@type\":\"BreadcrumbList\",\"@id\":\"https:\/\/www.realpalacio.realhotelsgroup.com\/pt-pt\/restaurantes-lisboa\/real-sports-bar\/#breadcrumb\",\"itemListElement\":[{\"@type\":\"ListItem\",\"position\":1,\"name\":\"Home\",\"item\":\"https:\/\/www.realpalacio.realhotelsgroup.com\/pt-pt\/\"},{\"@type\":\"ListItem\",\"position\":2,\"name\":\"Restaurantes e Bares em Lisboa\",\"item\":\"https:\/\/www.realpalacio.realhotelsgroup.com\/pt-pt\/restaurantes-lisboa\/\"},{\"@type\":\"ListItem\",\"position\":3,\"name\":\"Real Sports Bar\"}]},{\"@type\":\"WebSite\",\"@id\":\"https:\/\/www.realpalacio.realhotelsgroup.com\/pt-pt\/#website\",\"url\":\"https:\/\/www.realpalacio.realhotelsgroup.com\/pt-pt\/\",\"name\":\"Hotel Real Pal\u00e1cio\",\"description\":\"Just another ms.decms.eu site\",\"potentialAction\":[{\"@type\":\"SearchAction\",\"target\":{\"@type\":\"EntryPoint\",\"urlTemplate\":\"https:\/\/www.realpalacio.realhotelsgroup.com\/pt-pt\/?s={search_term_string}\"},\"query-input\":{\"@type\":\"PropertyValueSpecification\",\"valueRequired\":true,\"valueName\":\"search_term_string\"}}],\"inLanguage\":\"pt-PT\"}]}<\/script>\n<!-- \/ Yoast SEO plugin. -->","yoast_head_json":{"title":"Real Sports Bar - Hotel Real Pal\u00e1cio","robots":{"index":"index","follow":"follow","max-snippet":"max-snippet:-1","max-image-preview":"max-image-preview:large","max-video-preview":"max-video-preview:-1"},"canonical":"https:\/\/www.realpalacio.realhotelsgroup.com\/pt-pt\/restaurantes-lisboa\/real-sports-bar\/","og_locale":"pt_PT","og_type":"article","og_title":"Real Sports Bar - Hotel Real Pal\u00e1cio","og_description":"Apaixonado por desporto e comida? Aqui tem a combina\u00e7\u00e3o perfeita! Bem-vindo ao Real Sports Bar, o novo ponto de encontro em Lisboa para reunir os amigos e vibrar com o desporto! Um local incr\u00edvel para ver o seu clube favorito em a\u00e7\u00e3o, ou simplesmente devorar um hamb\u00farguer suculento e uma cerveja gelada. Junte-se ao clube [&hellip;]","og_url":"https:\/\/www.realpalacio.realhotelsgroup.com\/pt-pt\/restaurantes-lisboa\/real-sports-bar\/","og_site_name":"Hotel Real Pal\u00e1cio","article_modified_time":"2026-05-15T11:36:55+00:00","og_image":[{"width":1800,"height":1200,"url":"https:\/\/www.realpalacio.realhotelsgroup.com\/wp-content\/uploads\/sites\/225\/2022\/01\/Sports-Bar-Hotel-Real-Palacio-Lisboa-Menu-2.jpg","type":"image\/jpeg"}],"twitter_card":"summary_large_image","twitter_misc":{"Tempo estimado de leitura":"2 minutos"},"schema":{"@context":"https:\/\/schema.org","@graph":[{"@type":"WebPage","@id":"https:\/\/www.realpalacio.realhotelsgroup.com\/pt-pt\/restaurantes-lisboa\/real-sports-bar\/","url":"https:\/\/www.realpalacio.realhotelsgroup.com\/pt-pt\/restaurantes-lisboa\/real-sports-bar\/","name":"Real Sports Bar - Hotel Real Pal\u00e1cio","isPartOf":{"@id":"https:\/\/www.realpalacio.realhotelsgroup.com\/pt-pt\/#website"},"primaryImageOfPage":{"@id":"https:\/\/www.realpalacio.realhotelsgroup.com\/pt-pt\/restaurantes-lisboa\/real-sports-bar\/#primaryimage"},"image":{"@id":"https:\/\/www.realpalacio.realhotelsgroup.com\/pt-pt\/restaurantes-lisboa\/real-sports-bar\/#primaryimage"},"thumbnailUrl":"https:\/\/www.realpalacio.realhotelsgroup.com\/wp-content\/uploads\/sites\/225\/2022\/01\/Sports-Bar-Hotel-Real-Palacio-Lisboa-Menu-2.jpg","datePublished":"2022-01-19T16:35:33+00:00","dateModified":"2026-05-15T11:36:55+00:00","breadcrumb":{"@id":"https:\/\/www.realpalacio.realhotelsgroup.com\/pt-pt\/restaurantes-lisboa\/real-sports-bar\/#breadcrumb"},"inLanguage":"pt-PT","potentialAction":[{"@type":"ReadAction","target":["https:\/\/www.realpalacio.realhotelsgroup.com\/pt-pt\/restaurantes-lisboa\/real-sports-bar\/"]}]},{"@type":"ImageObject","inLanguage":"pt-PT","@id":"https:\/\/www.realpalacio.realhotelsgroup.com\/pt-pt\/restaurantes-lisboa\/real-sports-bar\/#primaryimage","url":"https:\/\/www.realpalacio.realhotelsgroup.com\/wp-content\/uploads\/sites\/225\/2022\/01\/Sports-Bar-Hotel-Real-Palacio-Lisboa-Menu-2.jpg","contentUrl":"https:\/\/www.realpalacio.realhotelsgroup.com\/wp-content\/uploads\/sites\/225\/2022\/01\/Sports-Bar-Hotel-Real-Palacio-Lisboa-Menu-2.jpg","width":1800,"height":1200,"caption":"Real Sports Bar Hotel Real Pal\u00e1cio"},{"@type":"BreadcrumbList","@id":"https:\/\/www.realpalacio.realhotelsgroup.com\/pt-pt\/restaurantes-lisboa\/real-sports-bar\/#breadcrumb","itemListElement":[{"@type":"ListItem","position":1,"name":"Home","item":"https:\/\/www.realpalacio.realhotelsgroup.com\/pt-pt\/"},{"@type":"ListItem","position":2,"name":"Restaurantes e Bares em Lisboa","item":"https:\/\/www.realpalacio.realhotelsgroup.com\/pt-pt\/restaurantes-lisboa\/"},{"@type":"ListItem","position":3,"name":"Real Sports Bar"}]},{"@type":"WebSite","@id":"https:\/\/www.realpalacio.realhotelsgroup.com\/pt-pt\/#website","url":"https:\/\/www.realpalacio.realhotelsgroup.com\/pt-pt\/","name":"Hotel Real Pal\u00e1cio","description":"Just another ms.decms.eu site","potentialAction":[{"@type":"SearchAction","target":{"@type":"EntryPoint","urlTemplate":"https:\/\/www.realpalacio.realhotelsgroup.com\/pt-pt\/?s={search_term_string}"},"query-input":{"@type":"PropertyValueSpecification","valueRequired":true,"valueName":"search_term_string"}}],"inLanguage":"pt-PT"}]}},"acf":[],"_links":{"self":[{"href":"https:\/\/www.realpalacio.realhotelsgroup.com\/pt-pt\/wp-json\/wp\/v2\/pages\/626","targetHints":{"allow":["GET"]}}],"collection":[{"href":"https:\/\/www.realpalacio.realhotelsgroup.com\/pt-pt\/wp-json\/wp\/v2\/pages"}],"about":[{"href":"https:\/\/www.realpalacio.realhotelsgroup.com\/pt-pt\/wp-json\/wp\/v2\/types\/page"}],"author":[{"embeddable":true,"href":"https:\/\/www.realpalacio.realhotelsgroup.com\/pt-pt\/wp-json\/wp\/v2\/users\/241"}],"replies":[{"embeddable":true,"href":"https:\/\/www.realpalacio.realhotelsgroup.com\/pt-pt\/wp-json\/wp\/v2\/comments?post=626"}],"version-history":[{"count":0,"href":"https:\/\/www.realpalacio.realhotelsgroup.com\/pt-pt\/wp-json\/wp\/v2\/pages\/626\/revisions"}],"up":[{"embeddable":true,"href":"https:\/\/www.realpalacio.realhotelsgroup.com\/pt-pt\/wp-json\/wp\/v2\/pages\/621"}],"wp:featuredmedia":[{"embeddable":true,"href":"https:\/\/www.realpalacio.realhotelsgroup.com\/pt-pt\/wp-json\/wp\/v2\/media\/623"}],"wp:attachment":[{"href":"https:\/\/www.realpalacio.realhotelsgroup.com\/pt-pt\/wp-json\/wp\/v2\/media?parent=626"}],"curies":[{"name":"wp","href":"https:\/\/api.w.org\/{rel}","templated":true}]}}