{"id":621,"date":"2022-01-19T17:13:12","date_gmt":"2022-01-19T17:13:12","guid":{"rendered":"https:\/\/www.realpalacio.realhotelsgroup.com\/?page_id=621"},"modified":"2026-02-26T16:25:46","modified_gmt":"2026-02-26T16:25:46","slug":"restaurantes-lisboa","status":"publish","type":"page","link":"https:\/\/www.realpalacio.realhotelsgroup.com\/pt-pt\/restaurantes-lisboa\/","title":{"rendered":"Restaurantes e Bares em Lisboa"},"content":{"rendered":"<p>Os <strong>restaurantes e os bares<\/strong> do <strong>Hotel Real Pal\u00e1cio, em Lisboa,<\/strong> s\u00e3o a op\u00e7\u00e3o ideal para todas as suas refei\u00e7\u00f5es.<\/p>\n<p>Inicie o seu dia com um <strong>pequeno-almo\u00e7o<\/strong> no <strong>Real Restaurante <\/strong>(piso -1). Se pretende <strong>almo\u00e7ar ou<\/strong> <strong>jantar<\/strong>, delicie-se com o nosso menu no <strong>Real Cozinha Restaurante-Bar<\/strong> (piso 0).<\/p>\n<p>O <strong>Real Sports Bar<\/strong> com o seu ambiente acolhedor e elegante \u00e9 o s\u00edtio de elei\u00e7\u00e3o para todos os <strong>amantes de desporto<\/strong>. N\u00e3o deixe de experimentar os melhores <strong>petiscos portugueses<\/strong> acompanhados de <strong>vinhos<\/strong> e <strong>cocktails<\/strong>. Aqui tamb\u00e9m ir\u00e1 encontrar uma variedade de <strong>cervejas portuguesas<\/strong>, <strong>cervejas artesanais<\/strong>, <strong>cervejas internacionais<\/strong> e sangrias especiais.<\/p>\n","protected":false},"excerpt":{"rendered":"<p>Os restaurantes e os bares do Hotel Real Pal\u00e1cio, em Lisboa, s\u00e3o a op\u00e7\u00e3o ideal para todas as suas refei\u00e7\u00f5es. Inicie o seu dia com um pequeno-almo\u00e7o no Real Restaurante (piso -1). Se pretende almo\u00e7ar ou jantar, delicie-se com o nosso menu no Real Cozinha Restaurante-Bar (piso 0). O Real Sports Bar com o seu [&hellip;]<\/p>\n","protected":false},"author":241,"featured_media":1029,"parent":0,"menu_order":20,"comment_status":"closed","ping_status":"closed","template":"","meta":{"footnotes":""},"class_list":["post-621","page","type-page","status-publish","has-post-thumbnail","hentry"],"yoast_head":"<!-- This site is optimized with the Yoast SEO plugin v26.9 - https:\/\/yoast.com\/product\/yoast-seo-wordpress\/ -->\n<title>Restaurantes e Bares em Lisboa - Hotel Real Pal\u00e1cio<\/title>\n<meta name=\"robots\" content=\"index, follow, max-snippet:-1, max-image-preview:large, max-video-preview:-1\" \/>\n<link rel=\"canonical\" href=\"https:\/\/www.realpalacio.realhotelsgroup.com\/pt-pt\/restaurantes-lisboa\/\" \/>\n<meta property=\"og:locale\" content=\"pt_PT\" \/>\n<meta property=\"og:type\" content=\"article\" \/>\n<meta property=\"og:title\" content=\"Restaurantes e Bares em Lisboa - Hotel Real Pal\u00e1cio\" \/>\n<meta property=\"og:description\" content=\"Os restaurantes e os bares do Hotel Real Pal\u00e1cio, em Lisboa, s\u00e3o a op\u00e7\u00e3o ideal para todas as suas refei\u00e7\u00f5es. Inicie o seu dia com um pequeno-almo\u00e7o no Real Restaurante (piso -1). Se pretende almo\u00e7ar ou jantar, delicie-se com o nosso menu no Real Cozinha Restaurante-Bar (piso 0). O Real Sports Bar com o seu [&hellip;]\" \/>\n<meta property=\"og:url\" content=\"https:\/\/www.realpalacio.realhotelsgroup.com\/pt-pt\/restaurantes-lisboa\/\" \/>\n<meta property=\"og:site_name\" content=\"Hotel Real Pal\u00e1cio\" \/>\n<meta property=\"article:modified_time\" content=\"2026-02-26T16:25:46+00:00\" \/>\n<meta property=\"og:image\" content=\"https:\/\/www.realpalacio.realhotelsgroup.com\/wp-content\/uploads\/sites\/225\/2023\/03\/Hotel-Real-Palacio-Restaurantes-geral.jpg\" \/>\n\t<meta property=\"og:image:width\" content=\"1800\" \/>\n\t<meta property=\"og:image:height\" content=\"1200\" \/>\n\t<meta property=\"og:image:type\" content=\"image\/jpeg\" \/>\n<meta name=\"twitter:card\" content=\"summary_large_image\" \/>\n<meta name=\"twitter:label1\" content=\"Tempo estimado de leitura\" \/>\n\t<meta name=\"twitter:data1\" content=\"1 minuto\" \/>\n<script type=\"application\/ld+json\" class=\"yoast-schema-graph\">{\"@context\":\"https:\/\/schema.org\",\"@graph\":[{\"@type\":\"WebPage\",\"@id\":\"https:\/\/www.realpalacio.realhotelsgroup.com\/pt-pt\/restaurantes-lisboa\/\",\"url\":\"https:\/\/www.realpalacio.realhotelsgroup.com\/pt-pt\/restaurantes-lisboa\/\",\"name\":\"Restaurantes e Bares em Lisboa - Hotel Real Pal\u00e1cio\",\"isPartOf\":{\"@id\":\"https:\/\/www.realpalacio.realhotelsgroup.com\/pt-pt\/#website\"},\"primaryImageOfPage\":{\"@id\":\"https:\/\/www.realpalacio.realhotelsgroup.com\/pt-pt\/restaurantes-lisboa\/#primaryimage\"},\"image\":{\"@id\":\"https:\/\/www.realpalacio.realhotelsgroup.com\/pt-pt\/restaurantes-lisboa\/#primaryimage\"},\"thumbnailUrl\":\"https:\/\/www.realpalacio.realhotelsgroup.com\/wp-content\/uploads\/sites\/225\/2023\/03\/Hotel-Real-Palacio-Restaurantes-geral.jpg\",\"datePublished\":\"2022-01-19T17:13:12+00:00\",\"dateModified\":\"2026-02-26T16:25:46+00:00\",\"breadcrumb\":{\"@id\":\"https:\/\/www.realpalacio.realhotelsgroup.com\/pt-pt\/restaurantes-lisboa\/#breadcrumb\"},\"inLanguage\":\"pt-PT\",\"potentialAction\":[{\"@type\":\"ReadAction\",\"target\":[\"https:\/\/www.realpalacio.realhotelsgroup.com\/pt-pt\/restaurantes-lisboa\/\"]}]},{\"@type\":\"ImageObject\",\"inLanguage\":\"pt-PT\",\"@id\":\"https:\/\/www.realpalacio.realhotelsgroup.com\/pt-pt\/restaurantes-lisboa\/#primaryimage\",\"url\":\"https:\/\/www.realpalacio.realhotelsgroup.com\/wp-content\/uploads\/sites\/225\/2023\/03\/Hotel-Real-Palacio-Restaurantes-geral.jpg\",\"contentUrl\":\"https:\/\/www.realpalacio.realhotelsgroup.com\/wp-content\/uploads\/sites\/225\/2023\/03\/Hotel-Real-Palacio-Restaurantes-geral.jpg\",\"width\":1800,\"height\":1200},{\"@type\":\"BreadcrumbList\",\"@id\":\"https:\/\/www.realpalacio.realhotelsgroup.com\/pt-pt\/restaurantes-lisboa\/#breadcrumb\",\"itemListElement\":[{\"@type\":\"ListItem\",\"position\":1,\"name\":\"Home\",\"item\":\"https:\/\/www.realpalacio.realhotelsgroup.com\/pt-pt\/\"},{\"@type\":\"ListItem\",\"position\":2,\"name\":\"Restaurantes e Bares em Lisboa\"}]},{\"@type\":\"WebSite\",\"@id\":\"https:\/\/www.realpalacio.realhotelsgroup.com\/pt-pt\/#website\",\"url\":\"https:\/\/www.realpalacio.realhotelsgroup.com\/pt-pt\/\",\"name\":\"Hotel Real Pal\u00e1cio\",\"description\":\"Just another ms.decms.eu site\",\"potentialAction\":[{\"@type\":\"SearchAction\",\"target\":{\"@type\":\"EntryPoint\",\"urlTemplate\":\"https:\/\/www.realpalacio.realhotelsgroup.com\/pt-pt\/?s={search_term_string}\"},\"query-input\":{\"@type\":\"PropertyValueSpecification\",\"valueRequired\":true,\"valueName\":\"search_term_string\"}}],\"inLanguage\":\"pt-PT\"}]}<\/script>\n<!-- \/ Yoast SEO plugin. -->","yoast_head_json":{"title":"Restaurantes e Bares em Lisboa - Hotel Real Pal\u00e1cio","robots":{"index":"index","follow":"follow","max-snippet":"max-snippet:-1","max-image-preview":"max-image-preview:large","max-video-preview":"max-video-preview:-1"},"canonical":"https:\/\/www.realpalacio.realhotelsgroup.com\/pt-pt\/restaurantes-lisboa\/","og_locale":"pt_PT","og_type":"article","og_title":"Restaurantes e Bares em Lisboa - Hotel Real Pal\u00e1cio","og_description":"Os restaurantes e os bares do Hotel Real Pal\u00e1cio, em Lisboa, s\u00e3o a op\u00e7\u00e3o ideal para todas as suas refei\u00e7\u00f5es. Inicie o seu dia com um pequeno-almo\u00e7o no Real Restaurante (piso -1). Se pretende almo\u00e7ar ou jantar, delicie-se com o nosso menu no Real Cozinha Restaurante-Bar (piso 0). O Real Sports Bar com o seu [&hellip;]","og_url":"https:\/\/www.realpalacio.realhotelsgroup.com\/pt-pt\/restaurantes-lisboa\/","og_site_name":"Hotel Real Pal\u00e1cio","article_modified_time":"2026-02-26T16:25:46+00:00","og_image":[{"width":1800,"height":1200,"url":"https:\/\/www.realpalacio.realhotelsgroup.com\/wp-content\/uploads\/sites\/225\/2023\/03\/Hotel-Real-Palacio-Restaurantes-geral.jpg","type":"image\/jpeg"}],"twitter_card":"summary_large_image","twitter_misc":{"Tempo estimado de leitura":"1 minuto"},"schema":{"@context":"https:\/\/schema.org","@graph":[{"@type":"WebPage","@id":"https:\/\/www.realpalacio.realhotelsgroup.com\/pt-pt\/restaurantes-lisboa\/","url":"https:\/\/www.realpalacio.realhotelsgroup.com\/pt-pt\/restaurantes-lisboa\/","name":"Restaurantes e Bares em Lisboa - Hotel Real Pal\u00e1cio","isPartOf":{"@id":"https:\/\/www.realpalacio.realhotelsgroup.com\/pt-pt\/#website"},"primaryImageOfPage":{"@id":"https:\/\/www.realpalacio.realhotelsgroup.com\/pt-pt\/restaurantes-lisboa\/#primaryimage"},"image":{"@id":"https:\/\/www.realpalacio.realhotelsgroup.com\/pt-pt\/restaurantes-lisboa\/#primaryimage"},"thumbnailUrl":"https:\/\/www.realpalacio.realhotelsgroup.com\/wp-content\/uploads\/sites\/225\/2023\/03\/Hotel-Real-Palacio-Restaurantes-geral.jpg","datePublished":"2022-01-19T17:13:12+00:00","dateModified":"2026-02-26T16:25:46+00:00","breadcrumb":{"@id":"https:\/\/www.realpalacio.realhotelsgroup.com\/pt-pt\/restaurantes-lisboa\/#breadcrumb"},"inLanguage":"pt-PT","potentialAction":[{"@type":"ReadAction","target":["https:\/\/www.realpalacio.realhotelsgroup.com\/pt-pt\/restaurantes-lisboa\/"]}]},{"@type":"ImageObject","inLanguage":"pt-PT","@id":"https:\/\/www.realpalacio.realhotelsgroup.com\/pt-pt\/restaurantes-lisboa\/#primaryimage","url":"https:\/\/www.realpalacio.realhotelsgroup.com\/wp-content\/uploads\/sites\/225\/2023\/03\/Hotel-Real-Palacio-Restaurantes-geral.jpg","contentUrl":"https:\/\/www.realpalacio.realhotelsgroup.com\/wp-content\/uploads\/sites\/225\/2023\/03\/Hotel-Real-Palacio-Restaurantes-geral.jpg","width":1800,"height":1200},{"@type":"BreadcrumbList","@id":"https:\/\/www.realpalacio.realhotelsgroup.com\/pt-pt\/restaurantes-lisboa\/#breadcrumb","itemListElement":[{"@type":"ListItem","position":1,"name":"Home","item":"https:\/\/www.realpalacio.realhotelsgroup.com\/pt-pt\/"},{"@type":"ListItem","position":2,"name":"Restaurantes e Bares em Lisboa"}]},{"@type":"WebSite","@id":"https:\/\/www.realpalacio.realhotelsgroup.com\/pt-pt\/#website","url":"https:\/\/www.realpalacio.realhotelsgroup.com\/pt-pt\/","name":"Hotel Real Pal\u00e1cio","description":"Just another ms.decms.eu site","potentialAction":[{"@type":"SearchAction","target":{"@type":"EntryPoint","urlTemplate":"https:\/\/www.realpalacio.realhotelsgroup.com\/pt-pt\/?s={search_term_string}"},"query-input":{"@type":"PropertyValueSpecification","valueRequired":true,"valueName":"search_term_string"}}],"inLanguage":"pt-PT"}]}},"acf":[],"_links":{"self":[{"href":"https:\/\/www.realpalacio.realhotelsgroup.com\/pt-pt\/wp-json\/wp\/v2\/pages\/621","targetHints":{"allow":["GET"]}}],"collection":[{"href":"https:\/\/www.realpalacio.realhotelsgroup.com\/pt-pt\/wp-json\/wp\/v2\/pages"}],"about":[{"href":"https:\/\/www.realpalacio.realhotelsgroup.com\/pt-pt\/wp-json\/wp\/v2\/types\/page"}],"author":[{"embeddable":true,"href":"https:\/\/www.realpalacio.realhotelsgroup.com\/pt-pt\/wp-json\/wp\/v2\/users\/241"}],"replies":[{"embeddable":true,"href":"https:\/\/www.realpalacio.realhotelsgroup.com\/pt-pt\/wp-json\/wp\/v2\/comments?post=621"}],"version-history":[{"count":0,"href":"https:\/\/www.realpalacio.realhotelsgroup.com\/pt-pt\/wp-json\/wp\/v2\/pages\/621\/revisions"}],"wp:featuredmedia":[{"embeddable":true,"href":"https:\/\/www.realpalacio.realhotelsgroup.com\/pt-pt\/wp-json\/wp\/v2\/media\/1029"}],"wp:attachment":[{"href":"https:\/\/www.realpalacio.realhotelsgroup.com\/pt-pt\/wp-json\/wp\/v2\/media?parent=621"}],"curies":[{"name":"wp","href":"https:\/\/api.w.org\/{rel}","templated":true}]}}