{"id":322,"date":"2020-11-23T11:20:16","date_gmt":"2020-11-23T11:20:16","guid":{"rendered":"http:\/\/hotel-real-palacio.ms.decms.eu\/?page_id=322"},"modified":"2025-03-07T09:19:41","modified_gmt":"2025-03-07T09:19:41","slug":"historia","status":"publish","type":"page","link":"https:\/\/www.realpalacio.realhotelsgroup.com\/pt-pt\/historia\/","title":{"rendered":"Hist\u00f3ria"},"content":{"rendered":"<p>A constru\u00e7\u00e3o deste palacete remonta ao s\u00e9culo XVII, tendo posteriormente sofrido obras de amplia\u00e7\u00e3o (s\u00e9culos XVIII, XIX e XX). Trata-se de um exemplar caracter\u00edstico da arquitectura &#8220;estilo ch\u00e3o&#8221;, tendo resistido ao terramoto de 1755.<\/p>\n<p>Desde o s\u00e9culo XVII at\u00e9 cerca de 1925, foi resid\u00eancia da fam\u00edlia Quinhones durante 10 gera\u00e7\u00f5es, nomeadamente os v\u00e1rios Morgados da fam\u00edlia, tendo sido baptizados e alguns sepultados, na Igreja de S\u00e3o Sebasti\u00e3o da Pedreira. A fam\u00edlia Quinhones, cujo bras\u00e3o (recuperado e pe\u00e7a em exposi\u00e7\u00e3o no Hotel, no p\u00e1tio interior) tem as armas dos Guedes, Vilhegas, Quinhones e Mattos e descende dos Condes de Luna, de Espanha, era propriet\u00e1ria vital\u00edcia do cargo de selador-mor da alf\u00e2ndega de Lisboa, tendo sido 1\u00ba selador-mor o Capit\u00e3o de Mar e Guerra da Carreira da \u00cdndia , Ant\u00f3nio Ribeiro, sogro de Francisco Quinhones de Almeida.<\/p>\n<p>O Pal\u00e1cio serviu o Instituto do Presidente Sid\u00f3nio Pais, mais conhecido por Resid\u00eancia Am\u00e1lia Luazes, obra destinada a alojar filhas de professores do ensino prim\u00e1rio. Neste edif\u00edcio chegou a ponderar-se a instala\u00e7\u00e3o do Arquivo Hist\u00f3rico do Minist\u00e9rio da Educa\u00e7\u00e3o.<\/p>\n<p>Inventariado na Carta de Patrim\u00f3nio da C\u00e2mara Municipal de Lisboa, o Pal\u00e1cio \u00e9 hoje protegido pelo Plano Director Municipal. O edif\u00edcio \u00e9 classificado pelo IPPAR (Zona de Protec\u00e7\u00e3o &#8211; Decreto 39521, de 30-1-1954), atendendo \u00e0 sua antiguidade e esp\u00f3lio. No seu interior \u00e9 de destacar o importante conjunto de pain\u00e9is de azulejos oitocentistas atribu\u00eddos \u00e0 oficina do mestre P.M.P., activo entre 1700 e 1735, totalmente restaurados no Museu Nacional do Azulejo em Xabregas.<\/p>\n<p>Parte do torre\u00e3o original do Pal\u00e1cio foi restaurado, mantendo-se uma das janelas originais do mesmo para a Rua Tom\u00e1s Ribeiro. Os restantes edif\u00edcios, constru\u00eddos no prolongamento do Pal\u00e1cio, ao longo das ruas de S. Sebasti\u00e3o da Pedreira e Tom\u00e1s Ribeiro, constituem hoje as 2 novas alas do Hotel Real Pal\u00e1cio.<\/p>\n","protected":false},"excerpt":{"rendered":"<p>A constru\u00e7\u00e3o deste palacete remonta ao s\u00e9culo XVII, tendo posteriormente sofrido obras de amplia\u00e7\u00e3o (s\u00e9culos XVIII, XIX e XX). Trata-se de um exemplar caracter\u00edstico da arquitectura &#8220;estilo ch\u00e3o&#8221;, tendo resistido ao terramoto de 1755. Desde o s\u00e9culo XVII at\u00e9 cerca de 1925, foi resid\u00eancia da fam\u00edlia Quinhones durante 10 gera\u00e7\u00f5es, nomeadamente os v\u00e1rios Morgados da [&hellip;]<\/p>\n","protected":false},"author":36,"featured_media":0,"parent":0,"menu_order":120,"comment_status":"closed","ping_status":"closed","template":"","meta":{"footnotes":""},"class_list":["post-322","page","type-page","status-publish","hentry"],"yoast_head":"<!-- This site is optimized with the Yoast SEO plugin v26.9 - https:\/\/yoast.com\/product\/yoast-seo-wordpress\/ -->\n<title>Hist\u00f3ria - Hotel Real Pal\u00e1cio<\/title>\n<meta name=\"robots\" content=\"index, follow, max-snippet:-1, max-image-preview:large, max-video-preview:-1\" \/>\n<link rel=\"canonical\" href=\"https:\/\/www.realpalacio.realhotelsgroup.com\/pt-pt\/historia\/\" \/>\n<meta property=\"og:locale\" content=\"pt_PT\" \/>\n<meta property=\"og:type\" content=\"article\" \/>\n<meta property=\"og:title\" content=\"Hist\u00f3ria - Hotel Real Pal\u00e1cio\" \/>\n<meta property=\"og:description\" content=\"A constru\u00e7\u00e3o deste palacete remonta ao s\u00e9culo XVII, tendo posteriormente sofrido obras de amplia\u00e7\u00e3o (s\u00e9culos XVIII, XIX e XX). Trata-se de um exemplar caracter\u00edstico da arquitectura &#8220;estilo ch\u00e3o&#8221;, tendo resistido ao terramoto de 1755. Desde o s\u00e9culo XVII at\u00e9 cerca de 1925, foi resid\u00eancia da fam\u00edlia Quinhones durante 10 gera\u00e7\u00f5es, nomeadamente os v\u00e1rios Morgados da [&hellip;]\" \/>\n<meta property=\"og:url\" content=\"https:\/\/www.realpalacio.realhotelsgroup.com\/pt-pt\/historia\/\" \/>\n<meta property=\"og:site_name\" content=\"Hotel Real Pal\u00e1cio\" \/>\n<meta property=\"article:modified_time\" content=\"2025-03-07T09:19:41+00:00\" \/>\n<meta name=\"twitter:card\" content=\"summary_large_image\" \/>\n<meta name=\"twitter:label1\" content=\"Tempo estimado de leitura\" \/>\n\t<meta name=\"twitter:data1\" content=\"2 minutos\" \/>\n<script type=\"application\/ld+json\" class=\"yoast-schema-graph\">{\"@context\":\"https:\/\/schema.org\",\"@graph\":[{\"@type\":\"WebPage\",\"@id\":\"https:\/\/www.realpalacio.realhotelsgroup.com\/pt-pt\/historia\/\",\"url\":\"https:\/\/www.realpalacio.realhotelsgroup.com\/pt-pt\/historia\/\",\"name\":\"Hist\u00f3ria - Hotel Real Pal\u00e1cio\",\"isPartOf\":{\"@id\":\"https:\/\/www.realpalacio.realhotelsgroup.com\/pt-pt\/#website\"},\"datePublished\":\"2020-11-23T11:20:16+00:00\",\"dateModified\":\"2025-03-07T09:19:41+00:00\",\"breadcrumb\":{\"@id\":\"https:\/\/www.realpalacio.realhotelsgroup.com\/pt-pt\/historia\/#breadcrumb\"},\"inLanguage\":\"pt-PT\",\"potentialAction\":[{\"@type\":\"ReadAction\",\"target\":[\"https:\/\/www.realpalacio.realhotelsgroup.com\/pt-pt\/historia\/\"]}]},{\"@type\":\"BreadcrumbList\",\"@id\":\"https:\/\/www.realpalacio.realhotelsgroup.com\/pt-pt\/historia\/#breadcrumb\",\"itemListElement\":[{\"@type\":\"ListItem\",\"position\":1,\"name\":\"Home\",\"item\":\"https:\/\/www.realpalacio.realhotelsgroup.com\/pt-pt\/\"},{\"@type\":\"ListItem\",\"position\":2,\"name\":\"Hist\u00f3ria\"}]},{\"@type\":\"WebSite\",\"@id\":\"https:\/\/www.realpalacio.realhotelsgroup.com\/pt-pt\/#website\",\"url\":\"https:\/\/www.realpalacio.realhotelsgroup.com\/pt-pt\/\",\"name\":\"Hotel Real Pal\u00e1cio\",\"description\":\"Just another ms.decms.eu site\",\"potentialAction\":[{\"@type\":\"SearchAction\",\"target\":{\"@type\":\"EntryPoint\",\"urlTemplate\":\"https:\/\/www.realpalacio.realhotelsgroup.com\/pt-pt\/?s={search_term_string}\"},\"query-input\":{\"@type\":\"PropertyValueSpecification\",\"valueRequired\":true,\"valueName\":\"search_term_string\"}}],\"inLanguage\":\"pt-PT\"}]}<\/script>\n<!-- \/ Yoast SEO plugin. -->","yoast_head_json":{"title":"Hist\u00f3ria - Hotel Real Pal\u00e1cio","robots":{"index":"index","follow":"follow","max-snippet":"max-snippet:-1","max-image-preview":"max-image-preview:large","max-video-preview":"max-video-preview:-1"},"canonical":"https:\/\/www.realpalacio.realhotelsgroup.com\/pt-pt\/historia\/","og_locale":"pt_PT","og_type":"article","og_title":"Hist\u00f3ria - Hotel Real Pal\u00e1cio","og_description":"A constru\u00e7\u00e3o deste palacete remonta ao s\u00e9culo XVII, tendo posteriormente sofrido obras de amplia\u00e7\u00e3o (s\u00e9culos XVIII, XIX e XX). Trata-se de um exemplar caracter\u00edstico da arquitectura &#8220;estilo ch\u00e3o&#8221;, tendo resistido ao terramoto de 1755. Desde o s\u00e9culo XVII at\u00e9 cerca de 1925, foi resid\u00eancia da fam\u00edlia Quinhones durante 10 gera\u00e7\u00f5es, nomeadamente os v\u00e1rios Morgados da [&hellip;]","og_url":"https:\/\/www.realpalacio.realhotelsgroup.com\/pt-pt\/historia\/","og_site_name":"Hotel Real Pal\u00e1cio","article_modified_time":"2025-03-07T09:19:41+00:00","twitter_card":"summary_large_image","twitter_misc":{"Tempo estimado de leitura":"2 minutos"},"schema":{"@context":"https:\/\/schema.org","@graph":[{"@type":"WebPage","@id":"https:\/\/www.realpalacio.realhotelsgroup.com\/pt-pt\/historia\/","url":"https:\/\/www.realpalacio.realhotelsgroup.com\/pt-pt\/historia\/","name":"Hist\u00f3ria - Hotel Real Pal\u00e1cio","isPartOf":{"@id":"https:\/\/www.realpalacio.realhotelsgroup.com\/pt-pt\/#website"},"datePublished":"2020-11-23T11:20:16+00:00","dateModified":"2025-03-07T09:19:41+00:00","breadcrumb":{"@id":"https:\/\/www.realpalacio.realhotelsgroup.com\/pt-pt\/historia\/#breadcrumb"},"inLanguage":"pt-PT","potentialAction":[{"@type":"ReadAction","target":["https:\/\/www.realpalacio.realhotelsgroup.com\/pt-pt\/historia\/"]}]},{"@type":"BreadcrumbList","@id":"https:\/\/www.realpalacio.realhotelsgroup.com\/pt-pt\/historia\/#breadcrumb","itemListElement":[{"@type":"ListItem","position":1,"name":"Home","item":"https:\/\/www.realpalacio.realhotelsgroup.com\/pt-pt\/"},{"@type":"ListItem","position":2,"name":"Hist\u00f3ria"}]},{"@type":"WebSite","@id":"https:\/\/www.realpalacio.realhotelsgroup.com\/pt-pt\/#website","url":"https:\/\/www.realpalacio.realhotelsgroup.com\/pt-pt\/","name":"Hotel Real Pal\u00e1cio","description":"Just another ms.decms.eu site","potentialAction":[{"@type":"SearchAction","target":{"@type":"EntryPoint","urlTemplate":"https:\/\/www.realpalacio.realhotelsgroup.com\/pt-pt\/?s={search_term_string}"},"query-input":{"@type":"PropertyValueSpecification","valueRequired":true,"valueName":"search_term_string"}}],"inLanguage":"pt-PT"}]}},"acf":[],"_links":{"self":[{"href":"https:\/\/www.realpalacio.realhotelsgroup.com\/pt-pt\/wp-json\/wp\/v2\/pages\/322","targetHints":{"allow":["GET"]}}],"collection":[{"href":"https:\/\/www.realpalacio.realhotelsgroup.com\/pt-pt\/wp-json\/wp\/v2\/pages"}],"about":[{"href":"https:\/\/www.realpalacio.realhotelsgroup.com\/pt-pt\/wp-json\/wp\/v2\/types\/page"}],"author":[{"embeddable":true,"href":"https:\/\/www.realpalacio.realhotelsgroup.com\/pt-pt\/wp-json\/wp\/v2\/users\/36"}],"replies":[{"embeddable":true,"href":"https:\/\/www.realpalacio.realhotelsgroup.com\/pt-pt\/wp-json\/wp\/v2\/comments?post=322"}],"version-history":[{"count":0,"href":"https:\/\/www.realpalacio.realhotelsgroup.com\/pt-pt\/wp-json\/wp\/v2\/pages\/322\/revisions"}],"wp:attachment":[{"href":"https:\/\/www.realpalacio.realhotelsgroup.com\/pt-pt\/wp-json\/wp\/v2\/media?parent=322"}],"curies":[{"name":"wp","href":"https:\/\/api.w.org\/{rel}","templated":true}]}}