{"id":304,"date":"2020-11-23T09:57:02","date_gmt":"2020-11-23T09:57:02","guid":{"rendered":"http:\/\/hotel-real-palacio.ms.decms.eu\/?page_id=304"},"modified":"2025-02-06T14:40:06","modified_gmt":"2025-02-06T14:40:06","slug":"eventos-corporate","status":"publish","type":"page","link":"https:\/\/www.realpalacio.realhotelsgroup.com\/pt-pt\/reunioes-e-eventos\/eventos-corporate\/","title":{"rendered":"Eventos Corporate"},"content":{"rendered":"<p>Seja um <strong>teambuilding<\/strong>, uma <strong>conven\u00e7\u00e3o<\/strong>, ou um <strong>jantar de Natal<\/strong>, o <strong>Hotel Real Pal\u00e1cio<\/strong>, em <strong>Lisboa<\/strong> re\u00fane as condi\u00e7\u00f5es ideais para realizar o seu evento corporativo.<\/p>\n<p>Aqui pode contar com a nossa experi\u00eancia e paix\u00e3o para criarmos um evento totalmente personalizado, adaptado \u00e0s necessidades da sua empresa.<\/p>\n<p>Se procura o local ideal para o seu pr\u00f3ximo evento, contacte-nos e deixe o resto por nossa conta.<\/p>\n<p>No Hotel Real Pal\u00e1cio, o seu evento \u00e9 a nossa prioridade!<\/p>\n<p>Visite o nosso site oficial<strong>\u00a0Real Events<\/strong>\u00a0e fique a conhecer estes e outros espa\u00e7os que temos dispon\u00edveis para realizar os seus eventos.<\/p>\n<h6><span data-olk-copy-source=\"MessageBody\">Os custos das chamadas para a rede fixa nacional aplicam-se a todos os n\u00fameros de telefone indicados nesta p\u00e1gina.<\/span><\/h6>\n","protected":false},"excerpt":{"rendered":"<p>Seja um teambuilding, uma conven\u00e7\u00e3o, ou um jantar de Natal, o Hotel Real Pal\u00e1cio, em Lisboa re\u00fane as condi\u00e7\u00f5es ideais para realizar o seu evento corporativo. Aqui pode contar com a nossa experi\u00eancia e paix\u00e3o para criarmos um evento totalmente personalizado, adaptado \u00e0s necessidades da sua empresa. Se procura o local ideal para o seu [&hellip;]<\/p>\n","protected":false},"author":36,"featured_media":0,"parent":264,"menu_order":5,"comment_status":"closed","ping_status":"closed","template":"template-corporate-events.php","meta":{"footnotes":""},"class_list":["post-304","page","type-page","status-publish","hentry"],"yoast_head":"<!-- This site is optimized with the Yoast SEO plugin v26.9 - https:\/\/yoast.com\/product\/yoast-seo-wordpress\/ -->\n<title>Eventos Corporate - Hotel Real Pal\u00e1cio<\/title>\n<meta name=\"robots\" content=\"index, follow, max-snippet:-1, max-image-preview:large, max-video-preview:-1\" \/>\n<link rel=\"canonical\" href=\"https:\/\/www.realpalacio.realhotelsgroup.com\/pt-pt\/reunioes-e-eventos\/eventos-corporate\/\" \/>\n<meta property=\"og:locale\" content=\"pt_PT\" \/>\n<meta property=\"og:type\" content=\"article\" \/>\n<meta property=\"og:title\" content=\"Eventos Corporate - Hotel Real Pal\u00e1cio\" \/>\n<meta property=\"og:description\" content=\"Seja um teambuilding, uma conven\u00e7\u00e3o, ou um jantar de Natal, o Hotel Real Pal\u00e1cio, em Lisboa re\u00fane as condi\u00e7\u00f5es ideais para realizar o seu evento corporativo. Aqui pode contar com a nossa experi\u00eancia e paix\u00e3o para criarmos um evento totalmente personalizado, adaptado \u00e0s necessidades da sua empresa. Se procura o local ideal para o seu [&hellip;]\" \/>\n<meta property=\"og:url\" content=\"https:\/\/www.realpalacio.realhotelsgroup.com\/pt-pt\/reunioes-e-eventos\/eventos-corporate\/\" \/>\n<meta property=\"og:site_name\" content=\"Hotel Real Pal\u00e1cio\" \/>\n<meta property=\"article:modified_time\" content=\"2025-02-06T14:40:06+00:00\" \/>\n<meta name=\"twitter:card\" content=\"summary_large_image\" \/>\n<meta name=\"twitter:label1\" content=\"Tempo estimado de leitura\" \/>\n\t<meta name=\"twitter:data1\" content=\"1 minuto\" \/>\n<script type=\"application\/ld+json\" class=\"yoast-schema-graph\">{\"@context\":\"https:\/\/schema.org\",\"@graph\":[{\"@type\":\"WebPage\",\"@id\":\"https:\/\/www.realpalacio.realhotelsgroup.com\/pt-pt\/reunioes-e-eventos\/eventos-corporate\/\",\"url\":\"https:\/\/www.realpalacio.realhotelsgroup.com\/pt-pt\/reunioes-e-eventos\/eventos-corporate\/\",\"name\":\"Eventos Corporate - Hotel Real Pal\u00e1cio\",\"isPartOf\":{\"@id\":\"https:\/\/www.realpalacio.realhotelsgroup.com\/pt-pt\/#website\"},\"datePublished\":\"2020-11-23T09:57:02+00:00\",\"dateModified\":\"2025-02-06T14:40:06+00:00\",\"breadcrumb\":{\"@id\":\"https:\/\/www.realpalacio.realhotelsgroup.com\/pt-pt\/reunioes-e-eventos\/eventos-corporate\/#breadcrumb\"},\"inLanguage\":\"pt-PT\",\"potentialAction\":[{\"@type\":\"ReadAction\",\"target\":[\"https:\/\/www.realpalacio.realhotelsgroup.com\/pt-pt\/reunioes-e-eventos\/eventos-corporate\/\"]}]},{\"@type\":\"BreadcrumbList\",\"@id\":\"https:\/\/www.realpalacio.realhotelsgroup.com\/pt-pt\/reunioes-e-eventos\/eventos-corporate\/#breadcrumb\",\"itemListElement\":[{\"@type\":\"ListItem\",\"position\":1,\"name\":\"Home\",\"item\":\"https:\/\/www.realpalacio.realhotelsgroup.com\/pt-pt\/\"},{\"@type\":\"ListItem\",\"position\":2,\"name\":\"Reuni\u00f5es e Eventos\",\"item\":\"https:\/\/www.realpalacio.realhotelsgroup.com\/pt-pt\/reunioes-e-eventos\/\"},{\"@type\":\"ListItem\",\"position\":3,\"name\":\"Eventos Corporate\"}]},{\"@type\":\"WebSite\",\"@id\":\"https:\/\/www.realpalacio.realhotelsgroup.com\/pt-pt\/#website\",\"url\":\"https:\/\/www.realpalacio.realhotelsgroup.com\/pt-pt\/\",\"name\":\"Hotel Real Pal\u00e1cio\",\"description\":\"Just another ms.decms.eu site\",\"potentialAction\":[{\"@type\":\"SearchAction\",\"target\":{\"@type\":\"EntryPoint\",\"urlTemplate\":\"https:\/\/www.realpalacio.realhotelsgroup.com\/pt-pt\/?s={search_term_string}\"},\"query-input\":{\"@type\":\"PropertyValueSpecification\",\"valueRequired\":true,\"valueName\":\"search_term_string\"}}],\"inLanguage\":\"pt-PT\"}]}<\/script>\n<!-- \/ Yoast SEO plugin. -->","yoast_head_json":{"title":"Eventos Corporate - Hotel Real Pal\u00e1cio","robots":{"index":"index","follow":"follow","max-snippet":"max-snippet:-1","max-image-preview":"max-image-preview:large","max-video-preview":"max-video-preview:-1"},"canonical":"https:\/\/www.realpalacio.realhotelsgroup.com\/pt-pt\/reunioes-e-eventos\/eventos-corporate\/","og_locale":"pt_PT","og_type":"article","og_title":"Eventos Corporate - Hotel Real Pal\u00e1cio","og_description":"Seja um teambuilding, uma conven\u00e7\u00e3o, ou um jantar de Natal, o Hotel Real Pal\u00e1cio, em Lisboa re\u00fane as condi\u00e7\u00f5es ideais para realizar o seu evento corporativo. Aqui pode contar com a nossa experi\u00eancia e paix\u00e3o para criarmos um evento totalmente personalizado, adaptado \u00e0s necessidades da sua empresa. Se procura o local ideal para o seu [&hellip;]","og_url":"https:\/\/www.realpalacio.realhotelsgroup.com\/pt-pt\/reunioes-e-eventos\/eventos-corporate\/","og_site_name":"Hotel Real Pal\u00e1cio","article_modified_time":"2025-02-06T14:40:06+00:00","twitter_card":"summary_large_image","twitter_misc":{"Tempo estimado de leitura":"1 minuto"},"schema":{"@context":"https:\/\/schema.org","@graph":[{"@type":"WebPage","@id":"https:\/\/www.realpalacio.realhotelsgroup.com\/pt-pt\/reunioes-e-eventos\/eventos-corporate\/","url":"https:\/\/www.realpalacio.realhotelsgroup.com\/pt-pt\/reunioes-e-eventos\/eventos-corporate\/","name":"Eventos Corporate - Hotel Real Pal\u00e1cio","isPartOf":{"@id":"https:\/\/www.realpalacio.realhotelsgroup.com\/pt-pt\/#website"},"datePublished":"2020-11-23T09:57:02+00:00","dateModified":"2025-02-06T14:40:06+00:00","breadcrumb":{"@id":"https:\/\/www.realpalacio.realhotelsgroup.com\/pt-pt\/reunioes-e-eventos\/eventos-corporate\/#breadcrumb"},"inLanguage":"pt-PT","potentialAction":[{"@type":"ReadAction","target":["https:\/\/www.realpalacio.realhotelsgroup.com\/pt-pt\/reunioes-e-eventos\/eventos-corporate\/"]}]},{"@type":"BreadcrumbList","@id":"https:\/\/www.realpalacio.realhotelsgroup.com\/pt-pt\/reunioes-e-eventos\/eventos-corporate\/#breadcrumb","itemListElement":[{"@type":"ListItem","position":1,"name":"Home","item":"https:\/\/www.realpalacio.realhotelsgroup.com\/pt-pt\/"},{"@type":"ListItem","position":2,"name":"Reuni\u00f5es e Eventos","item":"https:\/\/www.realpalacio.realhotelsgroup.com\/pt-pt\/reunioes-e-eventos\/"},{"@type":"ListItem","position":3,"name":"Eventos Corporate"}]},{"@type":"WebSite","@id":"https:\/\/www.realpalacio.realhotelsgroup.com\/pt-pt\/#website","url":"https:\/\/www.realpalacio.realhotelsgroup.com\/pt-pt\/","name":"Hotel Real Pal\u00e1cio","description":"Just another ms.decms.eu site","potentialAction":[{"@type":"SearchAction","target":{"@type":"EntryPoint","urlTemplate":"https:\/\/www.realpalacio.realhotelsgroup.com\/pt-pt\/?s={search_term_string}"},"query-input":{"@type":"PropertyValueSpecification","valueRequired":true,"valueName":"search_term_string"}}],"inLanguage":"pt-PT"}]}},"acf":[],"_links":{"self":[{"href":"https:\/\/www.realpalacio.realhotelsgroup.com\/pt-pt\/wp-json\/wp\/v2\/pages\/304","targetHints":{"allow":["GET"]}}],"collection":[{"href":"https:\/\/www.realpalacio.realhotelsgroup.com\/pt-pt\/wp-json\/wp\/v2\/pages"}],"about":[{"href":"https:\/\/www.realpalacio.realhotelsgroup.com\/pt-pt\/wp-json\/wp\/v2\/types\/page"}],"author":[{"embeddable":true,"href":"https:\/\/www.realpalacio.realhotelsgroup.com\/pt-pt\/wp-json\/wp\/v2\/users\/36"}],"replies":[{"embeddable":true,"href":"https:\/\/www.realpalacio.realhotelsgroup.com\/pt-pt\/wp-json\/wp\/v2\/comments?post=304"}],"version-history":[{"count":0,"href":"https:\/\/www.realpalacio.realhotelsgroup.com\/pt-pt\/wp-json\/wp\/v2\/pages\/304\/revisions"}],"up":[{"embeddable":true,"href":"https:\/\/www.realpalacio.realhotelsgroup.com\/pt-pt\/wp-json\/wp\/v2\/pages\/264"}],"wp:attachment":[{"href":"https:\/\/www.realpalacio.realhotelsgroup.com\/pt-pt\/wp-json\/wp\/v2\/media?parent=304"}],"curies":[{"name":"wp","href":"https:\/\/api.w.org\/{rel}","templated":true}]}}