{"id":3,"date":"2020-11-13T11:07:09","date_gmt":"2020-11-13T11:07:09","guid":{"rendered":"http:\/\/hotel-real-palacio.ms.decms.eu\/?page_id=3"},"modified":"2026-04-30T15:17:13","modified_gmt":"2026-04-30T15:17:13","slug":"hotel-real-palacio","status":"publish","type":"page","link":"https:\/\/www.realpalacio.realhotelsgroup.com\/pt-pt\/","title":{"rendered":"Hotel Real Pal\u00e1cio"},"content":{"rendered":"<p>O <strong>Hotel Real Pal\u00e1cio<\/strong> \u00e9 um <strong>hotel de 5 estrelas em Lisboa<\/strong>, situado em <strong>S\u00e3o Sebasti\u00e3o da Pedreira<\/strong>, nas Avenidas Novas, uma das freguesias mais emblem\u00e1ticas da capital portuguesa.<br \/>\nCom um total de <strong>147 quartos,<\/strong> o Hotel Real Pal\u00e1cio \u00e9 fruto de uma sinergia perfeita entre o <strong>ambiente cl\u00e1ssico e o contempor\u00e2neo<\/strong>, que resulta da recupera\u00e7\u00e3o do antigo <strong>Pal\u00e1cio Guedes Quinhones<\/strong>. Fa\u00e7a uma viagem no tempo e descubra um dos <strong>12 quartos integrados no antigo Palacete.<\/strong><\/p>\n","protected":false},"excerpt":{"rendered":"<p>O Hotel Real Pal\u00e1cio \u00e9 um hotel de 5 estrelas em Lisboa, situado em S\u00e3o Sebasti\u00e3o da Pedreira, nas Avenidas Novas, uma das freguesias mais emblem\u00e1ticas da capital portuguesa. Com um total de 147 quartos, o Hotel Real Pal\u00e1cio \u00e9 fruto de uma sinergia perfeita entre o ambiente cl\u00e1ssico e o contempor\u00e2neo, que resulta da [&hellip;]<\/p>\n","protected":false},"author":17,"featured_media":0,"parent":0,"menu_order":10,"comment_status":"closed","ping_status":"open","template":"","meta":{"footnotes":""},"class_list":["post-3","page","type-page","status-publish","hentry"],"yoast_head":"<!-- This site is optimized with the Yoast SEO plugin v26.9 - https:\/\/yoast.com\/product\/yoast-seo-wordpress\/ -->\n<title>Hotel Real Pal\u00e1cio - Hotel Real Pal\u00e1cio<\/title>\n<meta name=\"robots\" content=\"index, follow, max-snippet:-1, max-image-preview:large, max-video-preview:-1\" \/>\n<link rel=\"canonical\" href=\"https:\/\/www.realpalacio.realhotelsgroup.com\/pt-pt\/\" \/>\n<meta property=\"og:locale\" content=\"pt_PT\" \/>\n<meta property=\"og:type\" content=\"article\" \/>\n<meta property=\"og:title\" content=\"Hotel Real Pal\u00e1cio - Hotel Real Pal\u00e1cio\" \/>\n<meta property=\"og:description\" content=\"O Hotel Real Pal\u00e1cio \u00e9 um hotel de 5 estrelas em Lisboa, situado em S\u00e3o Sebasti\u00e3o da Pedreira, nas Avenidas Novas, uma das freguesias mais emblem\u00e1ticas da capital portuguesa. Com um total de 147 quartos, o Hotel Real Pal\u00e1cio \u00e9 fruto de uma sinergia perfeita entre o ambiente cl\u00e1ssico e o contempor\u00e2neo, que resulta da [&hellip;]\" \/>\n<meta property=\"og:url\" content=\"https:\/\/www.realpalacio.realhotelsgroup.com\/pt-pt\/\" \/>\n<meta property=\"og:site_name\" content=\"Hotel Real Pal\u00e1cio\" \/>\n<meta property=\"article:modified_time\" content=\"2026-04-30T15:17:13+00:00\" \/>\n<meta name=\"twitter:card\" content=\"summary_large_image\" \/>\n<meta name=\"twitter:label1\" content=\"Tempo estimado de leitura\" \/>\n\t<meta name=\"twitter:data1\" content=\"1 minuto\" \/>\n<script type=\"application\/ld+json\" class=\"yoast-schema-graph\">{\"@context\":\"https:\/\/schema.org\",\"@graph\":[{\"@type\":\"WebPage\",\"@id\":\"https:\/\/www.realpalacio.realhotelsgroup.com\/pt-pt\/\",\"url\":\"https:\/\/www.realpalacio.realhotelsgroup.com\/pt-pt\/\",\"name\":\"Hotel Real Pal\u00e1cio - Hotel Real Pal\u00e1cio\",\"isPartOf\":{\"@id\":\"https:\/\/www.realpalacio.realhotelsgroup.com\/pt-pt\/#website\"},\"datePublished\":\"2020-11-13T11:07:09+00:00\",\"dateModified\":\"2026-04-30T15:17:13+00:00\",\"breadcrumb\":{\"@id\":\"https:\/\/www.realpalacio.realhotelsgroup.com\/pt-pt\/#breadcrumb\"},\"inLanguage\":\"pt-PT\",\"potentialAction\":[{\"@type\":\"ReadAction\",\"target\":[\"https:\/\/www.realpalacio.realhotelsgroup.com\/pt-pt\/\"]}]},{\"@type\":\"BreadcrumbList\",\"@id\":\"https:\/\/www.realpalacio.realhotelsgroup.com\/pt-pt\/#breadcrumb\",\"itemListElement\":[{\"@type\":\"ListItem\",\"position\":1,\"name\":\"Home\",\"item\":\"https:\/\/www.realpalacio.realhotelsgroup.com\/pt-pt\/\"},{\"@type\":\"ListItem\",\"position\":2,\"name\":\"Hotel Real Pal\u00e1cio\"}]},{\"@type\":\"WebSite\",\"@id\":\"https:\/\/www.realpalacio.realhotelsgroup.com\/pt-pt\/#website\",\"url\":\"https:\/\/www.realpalacio.realhotelsgroup.com\/pt-pt\/\",\"name\":\"Hotel Real Pal\u00e1cio\",\"description\":\"Just another ms.decms.eu site\",\"potentialAction\":[{\"@type\":\"SearchAction\",\"target\":{\"@type\":\"EntryPoint\",\"urlTemplate\":\"https:\/\/www.realpalacio.realhotelsgroup.com\/pt-pt\/?s={search_term_string}\"},\"query-input\":{\"@type\":\"PropertyValueSpecification\",\"valueRequired\":true,\"valueName\":\"search_term_string\"}}],\"inLanguage\":\"pt-PT\"}]}<\/script>\n<!-- \/ Yoast SEO plugin. -->","yoast_head_json":{"title":"Hotel Real Pal\u00e1cio - Hotel Real Pal\u00e1cio","robots":{"index":"index","follow":"follow","max-snippet":"max-snippet:-1","max-image-preview":"max-image-preview:large","max-video-preview":"max-video-preview:-1"},"canonical":"https:\/\/www.realpalacio.realhotelsgroup.com\/pt-pt\/","og_locale":"pt_PT","og_type":"article","og_title":"Hotel Real Pal\u00e1cio - Hotel Real Pal\u00e1cio","og_description":"O Hotel Real Pal\u00e1cio \u00e9 um hotel de 5 estrelas em Lisboa, situado em S\u00e3o Sebasti\u00e3o da Pedreira, nas Avenidas Novas, uma das freguesias mais emblem\u00e1ticas da capital portuguesa. Com um total de 147 quartos, o Hotel Real Pal\u00e1cio \u00e9 fruto de uma sinergia perfeita entre o ambiente cl\u00e1ssico e o contempor\u00e2neo, que resulta da [&hellip;]","og_url":"https:\/\/www.realpalacio.realhotelsgroup.com\/pt-pt\/","og_site_name":"Hotel Real Pal\u00e1cio","article_modified_time":"2026-04-30T15:17:13+00:00","twitter_card":"summary_large_image","twitter_misc":{"Tempo estimado de leitura":"1 minuto"},"schema":{"@context":"https:\/\/schema.org","@graph":[{"@type":"WebPage","@id":"https:\/\/www.realpalacio.realhotelsgroup.com\/pt-pt\/","url":"https:\/\/www.realpalacio.realhotelsgroup.com\/pt-pt\/","name":"Hotel Real Pal\u00e1cio - Hotel Real Pal\u00e1cio","isPartOf":{"@id":"https:\/\/www.realpalacio.realhotelsgroup.com\/pt-pt\/#website"},"datePublished":"2020-11-13T11:07:09+00:00","dateModified":"2026-04-30T15:17:13+00:00","breadcrumb":{"@id":"https:\/\/www.realpalacio.realhotelsgroup.com\/pt-pt\/#breadcrumb"},"inLanguage":"pt-PT","potentialAction":[{"@type":"ReadAction","target":["https:\/\/www.realpalacio.realhotelsgroup.com\/pt-pt\/"]}]},{"@type":"BreadcrumbList","@id":"https:\/\/www.realpalacio.realhotelsgroup.com\/pt-pt\/#breadcrumb","itemListElement":[{"@type":"ListItem","position":1,"name":"Home","item":"https:\/\/www.realpalacio.realhotelsgroup.com\/pt-pt\/"},{"@type":"ListItem","position":2,"name":"Hotel Real Pal\u00e1cio"}]},{"@type":"WebSite","@id":"https:\/\/www.realpalacio.realhotelsgroup.com\/pt-pt\/#website","url":"https:\/\/www.realpalacio.realhotelsgroup.com\/pt-pt\/","name":"Hotel Real Pal\u00e1cio","description":"Just another ms.decms.eu site","potentialAction":[{"@type":"SearchAction","target":{"@type":"EntryPoint","urlTemplate":"https:\/\/www.realpalacio.realhotelsgroup.com\/pt-pt\/?s={search_term_string}"},"query-input":{"@type":"PropertyValueSpecification","valueRequired":true,"valueName":"search_term_string"}}],"inLanguage":"pt-PT"}]}},"acf":[],"_links":{"self":[{"href":"https:\/\/www.realpalacio.realhotelsgroup.com\/pt-pt\/wp-json\/wp\/v2\/pages\/3","targetHints":{"allow":["GET"]}}],"collection":[{"href":"https:\/\/www.realpalacio.realhotelsgroup.com\/pt-pt\/wp-json\/wp\/v2\/pages"}],"about":[{"href":"https:\/\/www.realpalacio.realhotelsgroup.com\/pt-pt\/wp-json\/wp\/v2\/types\/page"}],"author":[{"embeddable":true,"href":"https:\/\/www.realpalacio.realhotelsgroup.com\/pt-pt\/wp-json\/wp\/v2\/users\/17"}],"replies":[{"embeddable":true,"href":"https:\/\/www.realpalacio.realhotelsgroup.com\/pt-pt\/wp-json\/wp\/v2\/comments?post=3"}],"version-history":[{"count":0,"href":"https:\/\/www.realpalacio.realhotelsgroup.com\/pt-pt\/wp-json\/wp\/v2\/pages\/3\/revisions"}],"wp:attachment":[{"href":"https:\/\/www.realpalacio.realhotelsgroup.com\/pt-pt\/wp-json\/wp\/v2\/media?parent=3"}],"curies":[{"name":"wp","href":"https:\/\/api.w.org\/{rel}","templated":true}]}}