{"id":264,"date":"2020-11-22T17:32:22","date_gmt":"2020-11-22T17:32:22","guid":{"rendered":"http:\/\/hotel-real-palacio.ms.decms.eu\/?page_id=264"},"modified":"2024-12-20T13:59:38","modified_gmt":"2024-12-20T13:59:38","slug":"reunioes-e-eventos","status":"publish","type":"page","link":"https:\/\/www.realpalacio.realhotelsgroup.com\/pt-pt\/reunioes-e-eventos\/","title":{"rendered":"Reuni\u00f5es e Eventos"},"content":{"rendered":"<p>Torne o seu acontecimento num marco hist\u00f3rico. Localizado estrategicamente no <strong>centro de Lisboa<\/strong>, o <strong>Hotel Real Pal\u00e1cio<\/strong> disp\u00f5e de diversos espa\u00e7os, com diferentes dimens\u00f5es, que re\u00fanem todas as condi\u00e7\u00f5es para realizar todo o tipo de acontecimentos.<\/p>\n<p>Todos os espa\u00e7os s\u00e3o adaptados \u00e0s suas necessidades, atrav\u00e9s de uma equipa de profissionais que lhe prestar\u00e1 um servi\u00e7o totalmente personalizado.<\/p>\n<p>Visite o nosso site oficial<strong>\u00a0Real Events<\/strong>\u00a0e fique a conhecer estes e outros espa\u00e7os que temos dispon\u00edveis para realizar os seus eventos.<\/p>\n","protected":false},"excerpt":{"rendered":"<p>Torne o seu acontecimento num marco hist\u00f3rico. Localizado estrategicamente no centro de Lisboa, o Hotel Real Pal\u00e1cio disp\u00f5e de diversos espa\u00e7os, com diferentes dimens\u00f5es, que re\u00fanem todas as condi\u00e7\u00f5es para realizar todo o tipo de acontecimentos. Todos os espa\u00e7os s\u00e3o adaptados \u00e0s suas necessidades, atrav\u00e9s de uma equipa de profissionais que lhe prestar\u00e1 um servi\u00e7o [&hellip;]<\/p>\n","protected":false},"author":36,"featured_media":0,"parent":0,"menu_order":70,"comment_status":"closed","ping_status":"closed","template":"template-meetings-events.php","meta":{"footnotes":""},"class_list":["post-264","page","type-page","status-publish","hentry"],"yoast_head":"<!-- This site is optimized with the Yoast SEO plugin v26.9 - https:\/\/yoast.com\/product\/yoast-seo-wordpress\/ -->\n<title>Reuni\u00f5es e Eventos - Hotel Real Pal\u00e1cio<\/title>\n<meta name=\"robots\" content=\"index, follow, max-snippet:-1, max-image-preview:large, max-video-preview:-1\" \/>\n<link rel=\"canonical\" href=\"https:\/\/www.realpalacio.realhotelsgroup.com\/pt-pt\/reunioes-e-eventos\/\" \/>\n<meta property=\"og:locale\" content=\"pt_PT\" \/>\n<meta property=\"og:type\" content=\"article\" \/>\n<meta property=\"og:title\" content=\"Reuni\u00f5es e Eventos - Hotel Real Pal\u00e1cio\" \/>\n<meta property=\"og:description\" content=\"Torne o seu acontecimento num marco hist\u00f3rico. Localizado estrategicamente no centro de Lisboa, o Hotel Real Pal\u00e1cio disp\u00f5e de diversos espa\u00e7os, com diferentes dimens\u00f5es, que re\u00fanem todas as condi\u00e7\u00f5es para realizar todo o tipo de acontecimentos. Todos os espa\u00e7os s\u00e3o adaptados \u00e0s suas necessidades, atrav\u00e9s de uma equipa de profissionais que lhe prestar\u00e1 um servi\u00e7o [&hellip;]\" \/>\n<meta property=\"og:url\" content=\"https:\/\/www.realpalacio.realhotelsgroup.com\/pt-pt\/reunioes-e-eventos\/\" \/>\n<meta property=\"og:site_name\" content=\"Hotel Real Pal\u00e1cio\" \/>\n<meta property=\"article:modified_time\" content=\"2024-12-20T13:59:38+00:00\" \/>\n<meta name=\"twitter:card\" content=\"summary_large_image\" \/>\n<meta name=\"twitter:label1\" content=\"Tempo estimado de leitura\" \/>\n\t<meta name=\"twitter:data1\" content=\"1 minuto\" \/>\n<script type=\"application\/ld+json\" class=\"yoast-schema-graph\">{\"@context\":\"https:\/\/schema.org\",\"@graph\":[{\"@type\":\"WebPage\",\"@id\":\"https:\/\/www.realpalacio.realhotelsgroup.com\/pt-pt\/reunioes-e-eventos\/\",\"url\":\"https:\/\/www.realpalacio.realhotelsgroup.com\/pt-pt\/reunioes-e-eventos\/\",\"name\":\"Reuni\u00f5es e Eventos - Hotel Real Pal\u00e1cio\",\"isPartOf\":{\"@id\":\"https:\/\/www.realpalacio.realhotelsgroup.com\/pt-pt\/#website\"},\"datePublished\":\"2020-11-22T17:32:22+00:00\",\"dateModified\":\"2024-12-20T13:59:38+00:00\",\"breadcrumb\":{\"@id\":\"https:\/\/www.realpalacio.realhotelsgroup.com\/pt-pt\/reunioes-e-eventos\/#breadcrumb\"},\"inLanguage\":\"pt-PT\",\"potentialAction\":[{\"@type\":\"ReadAction\",\"target\":[\"https:\/\/www.realpalacio.realhotelsgroup.com\/pt-pt\/reunioes-e-eventos\/\"]}]},{\"@type\":\"BreadcrumbList\",\"@id\":\"https:\/\/www.realpalacio.realhotelsgroup.com\/pt-pt\/reunioes-e-eventos\/#breadcrumb\",\"itemListElement\":[{\"@type\":\"ListItem\",\"position\":1,\"name\":\"Home\",\"item\":\"https:\/\/www.realpalacio.realhotelsgroup.com\/pt-pt\/hotel-real-palacio\/\"},{\"@type\":\"ListItem\",\"position\":2,\"name\":\"Reuni\u00f5es e Eventos\"}]},{\"@type\":\"WebSite\",\"@id\":\"https:\/\/www.realpalacio.realhotelsgroup.com\/pt-pt\/#website\",\"url\":\"https:\/\/www.realpalacio.realhotelsgroup.com\/pt-pt\/\",\"name\":\"Hotel Real Pal\u00e1cio\",\"description\":\"Just another ms.decms.eu site\",\"potentialAction\":[{\"@type\":\"SearchAction\",\"target\":{\"@type\":\"EntryPoint\",\"urlTemplate\":\"https:\/\/www.realpalacio.realhotelsgroup.com\/pt-pt\/?s={search_term_string}\"},\"query-input\":{\"@type\":\"PropertyValueSpecification\",\"valueRequired\":true,\"valueName\":\"search_term_string\"}}],\"inLanguage\":\"pt-PT\"}]}<\/script>\n<!-- \/ Yoast SEO plugin. -->","yoast_head_json":{"title":"Reuni\u00f5es e Eventos - Hotel Real Pal\u00e1cio","robots":{"index":"index","follow":"follow","max-snippet":"max-snippet:-1","max-image-preview":"max-image-preview:large","max-video-preview":"max-video-preview:-1"},"canonical":"https:\/\/www.realpalacio.realhotelsgroup.com\/pt-pt\/reunioes-e-eventos\/","og_locale":"pt_PT","og_type":"article","og_title":"Reuni\u00f5es e Eventos - Hotel Real Pal\u00e1cio","og_description":"Torne o seu acontecimento num marco hist\u00f3rico. Localizado estrategicamente no centro de Lisboa, o Hotel Real Pal\u00e1cio disp\u00f5e de diversos espa\u00e7os, com diferentes dimens\u00f5es, que re\u00fanem todas as condi\u00e7\u00f5es para realizar todo o tipo de acontecimentos. Todos os espa\u00e7os s\u00e3o adaptados \u00e0s suas necessidades, atrav\u00e9s de uma equipa de profissionais que lhe prestar\u00e1 um servi\u00e7o [&hellip;]","og_url":"https:\/\/www.realpalacio.realhotelsgroup.com\/pt-pt\/reunioes-e-eventos\/","og_site_name":"Hotel Real Pal\u00e1cio","article_modified_time":"2024-12-20T13:59:38+00:00","twitter_card":"summary_large_image","twitter_misc":{"Tempo estimado de leitura":"1 minuto"},"schema":{"@context":"https:\/\/schema.org","@graph":[{"@type":"WebPage","@id":"https:\/\/www.realpalacio.realhotelsgroup.com\/pt-pt\/reunioes-e-eventos\/","url":"https:\/\/www.realpalacio.realhotelsgroup.com\/pt-pt\/reunioes-e-eventos\/","name":"Reuni\u00f5es e Eventos - Hotel Real Pal\u00e1cio","isPartOf":{"@id":"https:\/\/www.realpalacio.realhotelsgroup.com\/pt-pt\/#website"},"datePublished":"2020-11-22T17:32:22+00:00","dateModified":"2024-12-20T13:59:38+00:00","breadcrumb":{"@id":"https:\/\/www.realpalacio.realhotelsgroup.com\/pt-pt\/reunioes-e-eventos\/#breadcrumb"},"inLanguage":"pt-PT","potentialAction":[{"@type":"ReadAction","target":["https:\/\/www.realpalacio.realhotelsgroup.com\/pt-pt\/reunioes-e-eventos\/"]}]},{"@type":"BreadcrumbList","@id":"https:\/\/www.realpalacio.realhotelsgroup.com\/pt-pt\/reunioes-e-eventos\/#breadcrumb","itemListElement":[{"@type":"ListItem","position":1,"name":"Home","item":"https:\/\/www.realpalacio.realhotelsgroup.com\/pt-pt\/hotel-real-palacio\/"},{"@type":"ListItem","position":2,"name":"Reuni\u00f5es e Eventos"}]},{"@type":"WebSite","@id":"https:\/\/www.realpalacio.realhotelsgroup.com\/pt-pt\/#website","url":"https:\/\/www.realpalacio.realhotelsgroup.com\/pt-pt\/","name":"Hotel Real Pal\u00e1cio","description":"Just another ms.decms.eu site","potentialAction":[{"@type":"SearchAction","target":{"@type":"EntryPoint","urlTemplate":"https:\/\/www.realpalacio.realhotelsgroup.com\/pt-pt\/?s={search_term_string}"},"query-input":{"@type":"PropertyValueSpecification","valueRequired":true,"valueName":"search_term_string"}}],"inLanguage":"pt-PT"}]}},"acf":[],"_links":{"self":[{"href":"https:\/\/www.realpalacio.realhotelsgroup.com\/pt-pt\/wp-json\/wp\/v2\/pages\/264","targetHints":{"allow":["GET"]}}],"collection":[{"href":"https:\/\/www.realpalacio.realhotelsgroup.com\/pt-pt\/wp-json\/wp\/v2\/pages"}],"about":[{"href":"https:\/\/www.realpalacio.realhotelsgroup.com\/pt-pt\/wp-json\/wp\/v2\/types\/page"}],"author":[{"embeddable":true,"href":"https:\/\/www.realpalacio.realhotelsgroup.com\/pt-pt\/wp-json\/wp\/v2\/users\/36"}],"replies":[{"embeddable":true,"href":"https:\/\/www.realpalacio.realhotelsgroup.com\/pt-pt\/wp-json\/wp\/v2\/comments?post=264"}],"version-history":[{"count":0,"href":"https:\/\/www.realpalacio.realhotelsgroup.com\/pt-pt\/wp-json\/wp\/v2\/pages\/264\/revisions"}],"wp:attachment":[{"href":"https:\/\/www.realpalacio.realhotelsgroup.com\/pt-pt\/wp-json\/wp\/v2\/media?parent=264"}],"curies":[{"name":"wp","href":"https:\/\/api.w.org\/{rel}","templated":true}]}}