{"id":180,"date":"2020-11-22T10:47:42","date_gmt":"2020-11-22T10:47:42","guid":{"rendered":"http:\/\/hotel-real-palacio.ms.decms.eu\/?page_id=180"},"modified":"2026-02-26T17:11:04","modified_gmt":"2026-02-26T17:11:04","slug":"health-club","status":"publish","type":"page","link":"https:\/\/www.realpalacio.realhotelsgroup.com\/pt-pt\/health-club\/","title":{"rendered":"Health Club"},"content":{"rendered":"<p>Localizado no cora\u00e7\u00e3o de <strong>Lisboa<\/strong>, o <strong>Health Club<\/strong> do <strong>Hotel Real Pal\u00e1cio<\/strong> proporciona uma experi\u00eancia completa de bem-estar. As nossas instala\u00e7\u00f5es e servi\u00e7os s\u00e3o a op\u00e7\u00e3o ideal para todos os que procuram relaxamento e revitaliza\u00e7\u00e3o.<\/p>\n<h2>As nossas facilidades:<\/h2>\n<p><strong>Sauna:<\/strong> Relaxe e desintoxique o seu corpo no calor suave da nossa sauna.<\/p>\n<p><strong>Jacuzzi:<\/strong> Desfrute de momentos de tranquilidade<\/p>\n<p><strong>Banho Turco:<\/strong> Experimente os benef\u00edcios terap\u00eauticos do banho turco, promovendo a limpeza profunda da pele e o relaxamento muscular.<\/p>\n<p><strong>Gin\u00e1sio:<\/strong> Mantenha a sua rotina de exerc\u00edcios no nosso gin\u00e1sio totalmente equipado com: banco de muscula\u00e7\u00e3o com conjunto de halteres, passadeira de corrida, el\u00edptica, bola de pilates, espaldar de madeira\/barra de parede, bicicleta, m\u00e1quina de abdominais e m\u00e1quina multi-treino.<\/p>\n<p>&nbsp;<\/p>\n<p>Venha conhecer o nosso Health Club e permita-se um momento de pura tranquilidade e revitaliza\u00e7\u00e3o.<br \/>\nEstamos \u00e0 sua espera!<\/p>\n<p><span data-olk-copy-source=\"MessageBody\">Os custos das chamadas para a rede fixa nacional aplicam-se a todos os n\u00fameros de telefone indicados nesta p\u00e1gina.<\/span><\/p>\n","protected":false},"excerpt":{"rendered":"<p>Localizado no cora\u00e7\u00e3o de Lisboa, o Health Club do Hotel Real Pal\u00e1cio proporciona uma experi\u00eancia completa de bem-estar. As nossas instala\u00e7\u00f5es e servi\u00e7os s\u00e3o a op\u00e7\u00e3o ideal para todos os que procuram relaxamento e revitaliza\u00e7\u00e3o. As nossas facilidades: Sauna: Relaxe e desintoxique o seu corpo no calor suave da nossa sauna. Jacuzzi: Desfrute de momentos [&hellip;]<\/p>\n","protected":false},"author":36,"featured_media":0,"parent":0,"menu_order":60,"comment_status":"closed","ping_status":"closed","template":"template-wellness.php","meta":{"footnotes":""},"class_list":["post-180","page","type-page","status-publish","hentry"],"yoast_head":"<!-- This site is optimized with the Yoast SEO plugin v26.9 - https:\/\/yoast.com\/product\/yoast-seo-wordpress\/ -->\n<title>Health Club - Hotel Real Pal\u00e1cio<\/title>\n<meta name=\"robots\" content=\"index, follow, max-snippet:-1, max-image-preview:large, max-video-preview:-1\" \/>\n<link rel=\"canonical\" href=\"https:\/\/www.realpalacio.realhotelsgroup.com\/pt-pt\/health-club\/\" \/>\n<meta property=\"og:locale\" content=\"pt_PT\" \/>\n<meta property=\"og:type\" content=\"article\" \/>\n<meta property=\"og:title\" content=\"Health Club - Hotel Real Pal\u00e1cio\" \/>\n<meta property=\"og:description\" content=\"Localizado no cora\u00e7\u00e3o de Lisboa, o Health Club do Hotel Real Pal\u00e1cio proporciona uma experi\u00eancia completa de bem-estar. As nossas instala\u00e7\u00f5es e servi\u00e7os s\u00e3o a op\u00e7\u00e3o ideal para todos os que procuram relaxamento e revitaliza\u00e7\u00e3o. As nossas facilidades: Sauna: Relaxe e desintoxique o seu corpo no calor suave da nossa sauna. Jacuzzi: Desfrute de momentos [&hellip;]\" \/>\n<meta property=\"og:url\" content=\"https:\/\/www.realpalacio.realhotelsgroup.com\/pt-pt\/health-club\/\" \/>\n<meta property=\"og:site_name\" content=\"Hotel Real Pal\u00e1cio\" \/>\n<meta property=\"article:modified_time\" content=\"2026-02-26T17:11:04+00:00\" \/>\n<meta name=\"twitter:card\" content=\"summary_large_image\" \/>\n<meta name=\"twitter:label1\" content=\"Tempo estimado de leitura\" \/>\n\t<meta name=\"twitter:data1\" content=\"1 minuto\" \/>\n<script type=\"application\/ld+json\" class=\"yoast-schema-graph\">{\"@context\":\"https:\/\/schema.org\",\"@graph\":[{\"@type\":\"WebPage\",\"@id\":\"https:\/\/www.realpalacio.realhotelsgroup.com\/pt-pt\/health-club\/\",\"url\":\"https:\/\/www.realpalacio.realhotelsgroup.com\/pt-pt\/health-club\/\",\"name\":\"Health Club - Hotel Real Pal\u00e1cio\",\"isPartOf\":{\"@id\":\"https:\/\/www.realpalacio.realhotelsgroup.com\/pt-pt\/#website\"},\"datePublished\":\"2020-11-22T10:47:42+00:00\",\"dateModified\":\"2026-02-26T17:11:04+00:00\",\"breadcrumb\":{\"@id\":\"https:\/\/www.realpalacio.realhotelsgroup.com\/pt-pt\/health-club\/#breadcrumb\"},\"inLanguage\":\"pt-PT\",\"potentialAction\":[{\"@type\":\"ReadAction\",\"target\":[\"https:\/\/www.realpalacio.realhotelsgroup.com\/pt-pt\/health-club\/\"]}]},{\"@type\":\"BreadcrumbList\",\"@id\":\"https:\/\/www.realpalacio.realhotelsgroup.com\/pt-pt\/health-club\/#breadcrumb\",\"itemListElement\":[{\"@type\":\"ListItem\",\"position\":1,\"name\":\"Home\",\"item\":\"https:\/\/www.realpalacio.realhotelsgroup.com\/pt-pt\/hotel-real-palacio\/\"},{\"@type\":\"ListItem\",\"position\":2,\"name\":\"Health Club\"}]},{\"@type\":\"WebSite\",\"@id\":\"https:\/\/www.realpalacio.realhotelsgroup.com\/pt-pt\/#website\",\"url\":\"https:\/\/www.realpalacio.realhotelsgroup.com\/pt-pt\/\",\"name\":\"Hotel Real Pal\u00e1cio\",\"description\":\"Just another ms.decms.eu site\",\"potentialAction\":[{\"@type\":\"SearchAction\",\"target\":{\"@type\":\"EntryPoint\",\"urlTemplate\":\"https:\/\/www.realpalacio.realhotelsgroup.com\/pt-pt\/?s={search_term_string}\"},\"query-input\":{\"@type\":\"PropertyValueSpecification\",\"valueRequired\":true,\"valueName\":\"search_term_string\"}}],\"inLanguage\":\"pt-PT\"}]}<\/script>\n<!-- \/ Yoast SEO plugin. -->","yoast_head_json":{"title":"Health Club - Hotel Real Pal\u00e1cio","robots":{"index":"index","follow":"follow","max-snippet":"max-snippet:-1","max-image-preview":"max-image-preview:large","max-video-preview":"max-video-preview:-1"},"canonical":"https:\/\/www.realpalacio.realhotelsgroup.com\/pt-pt\/health-club\/","og_locale":"pt_PT","og_type":"article","og_title":"Health Club - Hotel Real Pal\u00e1cio","og_description":"Localizado no cora\u00e7\u00e3o de Lisboa, o Health Club do Hotel Real Pal\u00e1cio proporciona uma experi\u00eancia completa de bem-estar. As nossas instala\u00e7\u00f5es e servi\u00e7os s\u00e3o a op\u00e7\u00e3o ideal para todos os que procuram relaxamento e revitaliza\u00e7\u00e3o. As nossas facilidades: Sauna: Relaxe e desintoxique o seu corpo no calor suave da nossa sauna. Jacuzzi: Desfrute de momentos [&hellip;]","og_url":"https:\/\/www.realpalacio.realhotelsgroup.com\/pt-pt\/health-club\/","og_site_name":"Hotel Real Pal\u00e1cio","article_modified_time":"2026-02-26T17:11:04+00:00","twitter_card":"summary_large_image","twitter_misc":{"Tempo estimado de leitura":"1 minuto"},"schema":{"@context":"https:\/\/schema.org","@graph":[{"@type":"WebPage","@id":"https:\/\/www.realpalacio.realhotelsgroup.com\/pt-pt\/health-club\/","url":"https:\/\/www.realpalacio.realhotelsgroup.com\/pt-pt\/health-club\/","name":"Health Club - Hotel Real Pal\u00e1cio","isPartOf":{"@id":"https:\/\/www.realpalacio.realhotelsgroup.com\/pt-pt\/#website"},"datePublished":"2020-11-22T10:47:42+00:00","dateModified":"2026-02-26T17:11:04+00:00","breadcrumb":{"@id":"https:\/\/www.realpalacio.realhotelsgroup.com\/pt-pt\/health-club\/#breadcrumb"},"inLanguage":"pt-PT","potentialAction":[{"@type":"ReadAction","target":["https:\/\/www.realpalacio.realhotelsgroup.com\/pt-pt\/health-club\/"]}]},{"@type":"BreadcrumbList","@id":"https:\/\/www.realpalacio.realhotelsgroup.com\/pt-pt\/health-club\/#breadcrumb","itemListElement":[{"@type":"ListItem","position":1,"name":"Home","item":"https:\/\/www.realpalacio.realhotelsgroup.com\/pt-pt\/hotel-real-palacio\/"},{"@type":"ListItem","position":2,"name":"Health Club"}]},{"@type":"WebSite","@id":"https:\/\/www.realpalacio.realhotelsgroup.com\/pt-pt\/#website","url":"https:\/\/www.realpalacio.realhotelsgroup.com\/pt-pt\/","name":"Hotel Real Pal\u00e1cio","description":"Just another ms.decms.eu site","potentialAction":[{"@type":"SearchAction","target":{"@type":"EntryPoint","urlTemplate":"https:\/\/www.realpalacio.realhotelsgroup.com\/pt-pt\/?s={search_term_string}"},"query-input":{"@type":"PropertyValueSpecification","valueRequired":true,"valueName":"search_term_string"}}],"inLanguage":"pt-PT"}]}},"acf":[],"_links":{"self":[{"href":"https:\/\/www.realpalacio.realhotelsgroup.com\/pt-pt\/wp-json\/wp\/v2\/pages\/180","targetHints":{"allow":["GET"]}}],"collection":[{"href":"https:\/\/www.realpalacio.realhotelsgroup.com\/pt-pt\/wp-json\/wp\/v2\/pages"}],"about":[{"href":"https:\/\/www.realpalacio.realhotelsgroup.com\/pt-pt\/wp-json\/wp\/v2\/types\/page"}],"author":[{"embeddable":true,"href":"https:\/\/www.realpalacio.realhotelsgroup.com\/pt-pt\/wp-json\/wp\/v2\/users\/36"}],"replies":[{"embeddable":true,"href":"https:\/\/www.realpalacio.realhotelsgroup.com\/pt-pt\/wp-json\/wp\/v2\/comments?post=180"}],"version-history":[{"count":0,"href":"https:\/\/www.realpalacio.realhotelsgroup.com\/pt-pt\/wp-json\/wp\/v2\/pages\/180\/revisions"}],"wp:attachment":[{"href":"https:\/\/www.realpalacio.realhotelsgroup.com\/pt-pt\/wp-json\/wp\/v2\/media?parent=180"}],"curies":[{"name":"wp","href":"https:\/\/api.w.org\/{rel}","templated":true}]}}