{"id":150,"date":"2020-11-20T16:58:01","date_gmt":"2020-11-20T16:58:01","guid":{"rendered":"http:\/\/hotel-real-palacio.ms.decms.eu\/?page_id=150"},"modified":"2026-04-27T11:21:27","modified_gmt":"2026-04-27T11:21:27","slug":"real-cozinha-restaurante-bar","status":"publish","type":"page","link":"https:\/\/www.realpalacio.realhotelsgroup.com\/pt-pt\/restaurantes-lisboa\/real-cozinha-restaurante-bar\/","title":{"rendered":"Real Cozinha Restaurante-Bar"},"content":{"rendered":"<p>O <strong>Real Cozinha Restaurante-Bar<\/strong> est\u00e1 localizado no <strong>Hotel Real Pal\u00e1cio<\/strong>, no <strong>centro de Lisboa<\/strong>. Aqui damos-lhe a conhecer os novos segredos da <strong>cozinha portuguesa<\/strong>, atrav\u00e9s de uma combina\u00e7\u00e3o diferente de texturas e sabores, que se traduzem numa vasta oferta de <strong>entradas, pratos principais e sobremesas<\/strong>.<\/p>\n<p>Para <strong>almo\u00e7ar<\/strong>, dispomos de sugest\u00f5es confecionadas com os ingredientes mais frescos. O <strong>menu de almo\u00e7o altera semanalmente<\/strong> para que saboreie sempre diferentes pratos da<strong> gastronomia regional<\/strong>.<\/p>\n<p>Ao <strong>jantar<\/strong>, sugerimos uma carta composta por pratos de cozinha tradicional portuguesa.<\/p>\n<p>&nbsp;<\/p>\n<p>Em trabalho ou lazer o Real Cozinha Restaurante-Bar sugere-lhe uma diversidade de sabores.<\/p>\n","protected":false},"excerpt":{"rendered":"<p>O Real Cozinha Restaurante-Bar est\u00e1 localizado no Hotel Real Pal\u00e1cio, no centro de Lisboa. Aqui damos-lhe a conhecer os novos segredos da cozinha portuguesa, atrav\u00e9s de uma combina\u00e7\u00e3o diferente de texturas e sabores, que se traduzem numa vasta oferta de entradas, pratos principais e sobremesas. Para almo\u00e7ar, dispomos de sugest\u00f5es confecionadas com os ingredientes mais [&hellip;]<\/p>\n","protected":false},"author":36,"featured_media":0,"parent":621,"menu_order":2,"comment_status":"closed","ping_status":"closed","template":"template-restaurant.php","meta":{"footnotes":""},"class_list":["post-150","page","type-page","status-publish","hentry"],"yoast_head":"<!-- This site is optimized with the Yoast SEO plugin v26.9 - https:\/\/yoast.com\/product\/yoast-seo-wordpress\/ -->\n<title>Real Cozinha Restaurante-Bar - Hotel Real Pal\u00e1cio<\/title>\n<meta name=\"robots\" content=\"index, follow, max-snippet:-1, max-image-preview:large, max-video-preview:-1\" \/>\n<link rel=\"canonical\" href=\"https:\/\/www.realpalacio.realhotelsgroup.com\/pt-pt\/restaurantes-lisboa\/real-cozinha-restaurante-bar\/\" \/>\n<meta property=\"og:locale\" content=\"pt_PT\" \/>\n<meta property=\"og:type\" content=\"article\" \/>\n<meta property=\"og:title\" content=\"Real Cozinha Restaurante-Bar - Hotel Real Pal\u00e1cio\" \/>\n<meta property=\"og:description\" content=\"O Real Cozinha Restaurante-Bar est\u00e1 localizado no Hotel Real Pal\u00e1cio, no centro de Lisboa. Aqui damos-lhe a conhecer os novos segredos da cozinha portuguesa, atrav\u00e9s de uma combina\u00e7\u00e3o diferente de texturas e sabores, que se traduzem numa vasta oferta de entradas, pratos principais e sobremesas. Para almo\u00e7ar, dispomos de sugest\u00f5es confecionadas com os ingredientes mais [&hellip;]\" \/>\n<meta property=\"og:url\" content=\"https:\/\/www.realpalacio.realhotelsgroup.com\/pt-pt\/restaurantes-lisboa\/real-cozinha-restaurante-bar\/\" \/>\n<meta property=\"og:site_name\" content=\"Hotel Real Pal\u00e1cio\" \/>\n<meta property=\"article:modified_time\" content=\"2026-04-27T11:21:27+00:00\" \/>\n<meta name=\"twitter:card\" content=\"summary_large_image\" \/>\n<meta name=\"twitter:label1\" content=\"Tempo estimado de leitura\" \/>\n\t<meta name=\"twitter:data1\" content=\"1 minuto\" \/>\n<script type=\"application\/ld+json\" class=\"yoast-schema-graph\">{\"@context\":\"https:\/\/schema.org\",\"@graph\":[{\"@type\":\"WebPage\",\"@id\":\"https:\/\/www.realpalacio.realhotelsgroup.com\/pt-pt\/restaurantes-lisboa\/real-cozinha-restaurante-bar\/\",\"url\":\"https:\/\/www.realpalacio.realhotelsgroup.com\/pt-pt\/restaurantes-lisboa\/real-cozinha-restaurante-bar\/\",\"name\":\"Real Cozinha Restaurante-Bar - Hotel Real Pal\u00e1cio\",\"isPartOf\":{\"@id\":\"https:\/\/www.realpalacio.realhotelsgroup.com\/pt-pt\/#website\"},\"datePublished\":\"2020-11-20T16:58:01+00:00\",\"dateModified\":\"2026-04-27T11:21:27+00:00\",\"breadcrumb\":{\"@id\":\"https:\/\/www.realpalacio.realhotelsgroup.com\/pt-pt\/restaurantes-lisboa\/real-cozinha-restaurante-bar\/#breadcrumb\"},\"inLanguage\":\"pt-PT\",\"potentialAction\":[{\"@type\":\"ReadAction\",\"target\":[\"https:\/\/www.realpalacio.realhotelsgroup.com\/pt-pt\/restaurantes-lisboa\/real-cozinha-restaurante-bar\/\"]}]},{\"@type\":\"BreadcrumbList\",\"@id\":\"https:\/\/www.realpalacio.realhotelsgroup.com\/pt-pt\/restaurantes-lisboa\/real-cozinha-restaurante-bar\/#breadcrumb\",\"itemListElement\":[{\"@type\":\"ListItem\",\"position\":1,\"name\":\"Home\",\"item\":\"https:\/\/www.realpalacio.realhotelsgroup.com\/pt-pt\/\"},{\"@type\":\"ListItem\",\"position\":2,\"name\":\"Restaurantes e Bares em Lisboa\",\"item\":\"https:\/\/www.realpalacio.realhotelsgroup.com\/pt-pt\/restaurantes-lisboa\/\"},{\"@type\":\"ListItem\",\"position\":3,\"name\":\"Real Cozinha Restaurante-Bar\"}]},{\"@type\":\"WebSite\",\"@id\":\"https:\/\/www.realpalacio.realhotelsgroup.com\/pt-pt\/#website\",\"url\":\"https:\/\/www.realpalacio.realhotelsgroup.com\/pt-pt\/\",\"name\":\"Hotel Real Pal\u00e1cio\",\"description\":\"Just another ms.decms.eu site\",\"potentialAction\":[{\"@type\":\"SearchAction\",\"target\":{\"@type\":\"EntryPoint\",\"urlTemplate\":\"https:\/\/www.realpalacio.realhotelsgroup.com\/pt-pt\/?s={search_term_string}\"},\"query-input\":{\"@type\":\"PropertyValueSpecification\",\"valueRequired\":true,\"valueName\":\"search_term_string\"}}],\"inLanguage\":\"pt-PT\"}]}<\/script>\n<!-- \/ Yoast SEO plugin. -->","yoast_head_json":{"title":"Real Cozinha Restaurante-Bar - Hotel Real Pal\u00e1cio","robots":{"index":"index","follow":"follow","max-snippet":"max-snippet:-1","max-image-preview":"max-image-preview:large","max-video-preview":"max-video-preview:-1"},"canonical":"https:\/\/www.realpalacio.realhotelsgroup.com\/pt-pt\/restaurantes-lisboa\/real-cozinha-restaurante-bar\/","og_locale":"pt_PT","og_type":"article","og_title":"Real Cozinha Restaurante-Bar - Hotel Real Pal\u00e1cio","og_description":"O Real Cozinha Restaurante-Bar est\u00e1 localizado no Hotel Real Pal\u00e1cio, no centro de Lisboa. Aqui damos-lhe a conhecer os novos segredos da cozinha portuguesa, atrav\u00e9s de uma combina\u00e7\u00e3o diferente de texturas e sabores, que se traduzem numa vasta oferta de entradas, pratos principais e sobremesas. Para almo\u00e7ar, dispomos de sugest\u00f5es confecionadas com os ingredientes mais [&hellip;]","og_url":"https:\/\/www.realpalacio.realhotelsgroup.com\/pt-pt\/restaurantes-lisboa\/real-cozinha-restaurante-bar\/","og_site_name":"Hotel Real Pal\u00e1cio","article_modified_time":"2026-04-27T11:21:27+00:00","twitter_card":"summary_large_image","twitter_misc":{"Tempo estimado de leitura":"1 minuto"},"schema":{"@context":"https:\/\/schema.org","@graph":[{"@type":"WebPage","@id":"https:\/\/www.realpalacio.realhotelsgroup.com\/pt-pt\/restaurantes-lisboa\/real-cozinha-restaurante-bar\/","url":"https:\/\/www.realpalacio.realhotelsgroup.com\/pt-pt\/restaurantes-lisboa\/real-cozinha-restaurante-bar\/","name":"Real Cozinha Restaurante-Bar - Hotel Real Pal\u00e1cio","isPartOf":{"@id":"https:\/\/www.realpalacio.realhotelsgroup.com\/pt-pt\/#website"},"datePublished":"2020-11-20T16:58:01+00:00","dateModified":"2026-04-27T11:21:27+00:00","breadcrumb":{"@id":"https:\/\/www.realpalacio.realhotelsgroup.com\/pt-pt\/restaurantes-lisboa\/real-cozinha-restaurante-bar\/#breadcrumb"},"inLanguage":"pt-PT","potentialAction":[{"@type":"ReadAction","target":["https:\/\/www.realpalacio.realhotelsgroup.com\/pt-pt\/restaurantes-lisboa\/real-cozinha-restaurante-bar\/"]}]},{"@type":"BreadcrumbList","@id":"https:\/\/www.realpalacio.realhotelsgroup.com\/pt-pt\/restaurantes-lisboa\/real-cozinha-restaurante-bar\/#breadcrumb","itemListElement":[{"@type":"ListItem","position":1,"name":"Home","item":"https:\/\/www.realpalacio.realhotelsgroup.com\/pt-pt\/"},{"@type":"ListItem","position":2,"name":"Restaurantes e Bares em Lisboa","item":"https:\/\/www.realpalacio.realhotelsgroup.com\/pt-pt\/restaurantes-lisboa\/"},{"@type":"ListItem","position":3,"name":"Real Cozinha Restaurante-Bar"}]},{"@type":"WebSite","@id":"https:\/\/www.realpalacio.realhotelsgroup.com\/pt-pt\/#website","url":"https:\/\/www.realpalacio.realhotelsgroup.com\/pt-pt\/","name":"Hotel Real Pal\u00e1cio","description":"Just another ms.decms.eu site","potentialAction":[{"@type":"SearchAction","target":{"@type":"EntryPoint","urlTemplate":"https:\/\/www.realpalacio.realhotelsgroup.com\/pt-pt\/?s={search_term_string}"},"query-input":{"@type":"PropertyValueSpecification","valueRequired":true,"valueName":"search_term_string"}}],"inLanguage":"pt-PT"}]}},"acf":[],"_links":{"self":[{"href":"https:\/\/www.realpalacio.realhotelsgroup.com\/pt-pt\/wp-json\/wp\/v2\/pages\/150","targetHints":{"allow":["GET"]}}],"collection":[{"href":"https:\/\/www.realpalacio.realhotelsgroup.com\/pt-pt\/wp-json\/wp\/v2\/pages"}],"about":[{"href":"https:\/\/www.realpalacio.realhotelsgroup.com\/pt-pt\/wp-json\/wp\/v2\/types\/page"}],"author":[{"embeddable":true,"href":"https:\/\/www.realpalacio.realhotelsgroup.com\/pt-pt\/wp-json\/wp\/v2\/users\/36"}],"replies":[{"embeddable":true,"href":"https:\/\/www.realpalacio.realhotelsgroup.com\/pt-pt\/wp-json\/wp\/v2\/comments?post=150"}],"version-history":[{"count":0,"href":"https:\/\/www.realpalacio.realhotelsgroup.com\/pt-pt\/wp-json\/wp\/v2\/pages\/150\/revisions"}],"up":[{"embeddable":true,"href":"https:\/\/www.realpalacio.realhotelsgroup.com\/pt-pt\/wp-json\/wp\/v2\/pages\/621"}],"wp:attachment":[{"href":"https:\/\/www.realpalacio.realhotelsgroup.com\/pt-pt\/wp-json\/wp\/v2\/media?parent=150"}],"curies":[{"name":"wp","href":"https:\/\/api.w.org\/{rel}","templated":true}]}}